{"id":1775,"date":"2024-04-22T12:46:01","date_gmt":"2024-04-22T12:46:01","guid":{"rendered":"https:\/\/oqtima.news\/?page_id=1775"},"modified":"2025-09-03T14:59:36","modified_gmt":"2025-09-03T11:59:36","slug":"spreads-comparison","status":"publish","type":"page","link":"https:\/\/oqtima.news\/br\/spreads-comparison\/","title":{"rendered":"Compara\u00e7\u00e3o de Spreads"},"content":{"rendered":"<div data-elementor-type=\"wp-page\" data-elementor-id=\"1775\" class=\"elementor elementor-1775\" data-elementor-post-type=\"page\">\n\t\t\t\t\t\t<section class=\"elementor-section elementor-top-section elementor-element elementor-element-7c5d964 elementor-section-boxed elementor-section-height-default elementor-section-height-default\" data-id=\"7c5d964\" data-element_type=\"section\" data-e-type=\"section\">\n\t\t\t\t\t\t<div class=\"elementor-container elementor-column-gap-default\">\n\t\t\t\t\t<div class=\"elementor-column elementor-col-100 elementor-top-column elementor-element elementor-element-cec770f\" data-id=\"cec770f\" data-element_type=\"column\" data-e-type=\"column\">\n\t\t\t<div class=\"elementor-widget-wrap elementor-element-populated\">\n\t\t\t\t\t\t<div class=\"elementor-element elementor-element-bdfc624 elementor-widget elementor-widget-heading\" data-id=\"bdfc624\" data-element_type=\"widget\" data-e-type=\"widget\" data-widget_type=\"heading.default\">\n\t\t\t\t<div class=\"elementor-widget-container\">\n\t\t\t\t\t<h2 class=\"elementor-heading-title elementor-size-default\">Curioso Sobre os Nossos Spreads?<\/h2>\t\t\t\t<\/div>\n\t\t\t\t<\/div>\n\t\t\t\t<div class=\"elementor-element elementor-element-44e3251 elementor-widget elementor-widget-heading\" data-id=\"44e3251\" data-element_type=\"widget\" data-e-type=\"widget\" data-widget_type=\"heading.default\">\n\t\t\t\t<div class=\"elementor-widget-container\">\n\t\t\t\t\t<h2 class=\"elementor-heading-title elementor-size-default\">Veja por Si Mesmo!<\/h2>\t\t\t\t<\/div>\n\t\t\t\t<\/div>\n\t\t\t\t<div class=\"elementor-element elementor-element-9a75524 elementor-widget elementor-widget-heading\" data-id=\"9a75524\" data-element_type=\"widget\" data-e-type=\"widget\" data-widget_type=\"heading.default\">\n\t\t\t\t<div class=\"elementor-widget-container\">\n\t\t\t\t\t<h4 class=\"elementor-heading-title elementor-size-default\">Veja como os nossos spreads se comparam com os de outros corretores no ambiente ECN\u2026<\/h4>\t\t\t\t<\/div>\n\t\t\t\t<\/div>\n\t\t\t\t\t<\/div>\n\t\t<\/div>\n\t\t\t\t\t<\/div>\n\t\t<\/section>\n\t\t\t\t<section class=\"elementor-section elementor-top-section elementor-element elementor-element-2fd090a elementor-section-boxed elementor-section-height-default elementor-section-height-default\" data-id=\"2fd090a\" data-element_type=\"section\" data-e-type=\"section\">\n\t\t\t\t\t\t<div class=\"elementor-container elementor-column-gap-default\">\n\t\t\t\t\t<div class=\"elementor-column elementor-col-100 elementor-top-column elementor-element elementor-element-68b8b10\" data-id=\"68b8b10\" data-element_type=\"column\" data-e-type=\"column\">\n\t\t\t<div class=\"elementor-widget-wrap elementor-element-populated\">\n\t\t\t\t\t\t<div class=\"elementor-element elementor-element-c0a7d41 elementor-invisible elementor-widget elementor-widget-text-editor\" data-id=\"c0a7d41\" data-element_type=\"widget\" data-e-type=\"widget\" data-settings=\"{&quot;_animation&quot;:&quot;zoomIn&quot;}\" data-widget_type=\"text-editor.default\">\n\t\t\t\t<div class=\"elementor-widget-container\">\n\t\t\t\t\t\t\t\t\t<h5 style=\"text-align: center;\">\u00a0<\/h5><table width=\"474\"><tbody><tr><td style=\"font-weight: 400;\" width=\"79\">\u00a0<\/td><td style=\"font-weight: 400; text-align: center;\" width=\"79\"><span style=\"color: #000000;\"><strong>EUR\/USD<\/strong><\/span><\/td><td style=\"font-weight: 400; text-align: center;\" width=\"79\"><strong>GBP\/USD<\/strong><\/td><td style=\"font-weight: 400; text-align: center;\" width=\"79\"><strong>USD\/CAD<\/strong><\/td><td style=\"font-weight: 400; text-align: center;\" width=\"79\"><span style=\"color: #000000;\"><strong>USD\/JPY<\/strong><\/span><\/td><td style=\"font-weight: 400; text-align: center;\" width=\"79\"><span style=\"color: #000000;\"><strong>XAU\/USD<\/strong><\/span><\/td><\/tr><tr><td style=\"font-weight: 400;\"><strong><span style=\"color: #000000;\">OQtima<\/span><\/strong><\/td><td style=\"font-weight: 400; text-align: center;\"><span style=\"color: #ff6600;\"><strong>0.20<\/strong><\/span><\/td><td style=\"font-weight: 400; text-align: center;\"><span style=\"color: #008000;\"><strong>0.30<\/strong><\/span><\/td><td style=\"font-weight: 400; text-align: center;\"><span style=\"color: #ff0000;\"><strong>0.60<\/strong><\/span><\/td><td style=\"font-weight: 400; text-align: center;\"><span style=\"color: #ff0000;\"><strong>1.00<\/strong><\/span><\/td><td style=\"font-weight: 400; text-align: center;\"><span style=\"color: #008000;\"><strong>0.20<\/strong><\/span><\/td><\/tr><tr><td style=\"font-weight: 400;\"><strong><span style=\"color: #000000;\">Pepperstone<\/span><\/strong><\/td><td style=\"font-weight: 400; text-align: center;\"><span style=\"color: #99cc00;\"><strong>0.18<\/strong><\/span><\/td><td style=\"font-weight: 400; text-align: center;\"><span style=\"color: #ff0000;\"><strong>0.53<\/strong><\/span><\/td><td style=\"font-weight: 400; text-align: center;\"><span style=\"color: #ff6600;\"><strong>0.51<\/strong><\/span><\/td><td style=\"font-weight: 400; text-align: center;\"><span style=\"color: #99cc00;\"><strong>0.49<\/strong><\/span><\/td><td style=\"font-weight: 400; text-align: center;\"><span style=\"color: #ff0000;\"><strong>16.63<\/strong><\/span><\/td><\/tr><tr><td style=\"font-weight: 400;\"><strong><span style=\"color: #000000;\">Mercados de CI<\/span><\/strong><\/td><td style=\"font-weight: 400; text-align: center;\"><span style=\"color: #ff0000;\"><strong>0.24<\/strong><\/span><\/td><td style=\"font-weight: 400; text-align: center;\"><strong><span style=\"color: #ff0000;\">0.56<\/span><\/strong><\/td><td style=\"font-weight: 400; text-align: center;\"><span style=\"color: #99cc00;\"><strong>0.45<\/strong><\/span><\/td><td style=\"font-weight: 400; text-align: center;\"><span style=\"color: #ff6600;\"><strong>0.50<\/strong><\/span><\/td><td style=\"font-weight: 400; text-align: center;\"><strong><span style=\"color: #ff0000;\">9.79<\/span><\/strong><\/td><\/tr><tr><td style=\"font-weight: 400;\"><strong><span style=\"color: #000000;\">Tickmill<\/span><\/strong><\/td><td style=\"font-weight: 400; text-align: center;\"><span style=\"color: #ff0000;\"><strong>0.20<\/strong><\/span><\/td><td style=\"font-weight: 400; text-align: center;\"><span style=\"color: #ff6600;\"><strong>0.47<\/strong><\/span><\/td><td style=\"font-weight: 400; text-align: center;\"><span style=\"color: #008000;\"><strong>0.32<\/strong><\/span><\/td><td style=\"font-weight: 400; text-align: center;\"><span style=\"color: #008000;\"><strong>0.45<\/strong><\/span><\/td><td style=\"font-weight: 400; text-align: center;\"><strong><span style=\"color: #ff0000;\">12.91<\/span><\/strong><\/td><\/tr><tr><td style=\"font-weight: 400;\"><strong><span style=\"color: #000000;\">Mercados Admiral<\/span><\/strong><\/td><td style=\"font-weight: 400; text-align: center;\"><span style=\"color: #008000;\"><strong>0.17<\/strong><\/span><\/td><td style=\"font-weight: 400; text-align: center;\"><span style=\"color: #ff0000;\"><strong>0.94<\/strong><\/span><\/td><td style=\"font-weight: 400; text-align: center;\"><span style=\"color: #ff0000;\"><strong>1.52<\/strong><\/span><\/td><td style=\"font-weight: 400; text-align: center;\"><span style=\"color: #008000;\"><strong>0.45<\/strong><\/span><\/td><td style=\"font-weight: 400; text-align: center;\"><span style=\"color: #ff0000;\"><strong>12.91<\/strong><\/span><\/td><\/tr><tr><td style=\"font-weight: 400;\"><strong><span style=\"color: #000000;\">Doo Prime<\/span><\/strong><\/td><td style=\"font-weight: 400; text-align: center;\"><strong><span style=\"color: #ff0000;\">0.61<\/span><\/strong><\/td><td style=\"font-weight: 400; text-align: center;\"><strong><span style=\"color: #ff0000;\">0.76<\/span><\/strong><\/td><td style=\"font-weight: 400; text-align: center;\"><strong><span style=\"color: #ff0000;\">0.67<\/span><\/strong><\/td><td style=\"font-weight: 400; text-align: center;\"><strong><span style=\"color: #ff0000;\">0.81<\/span><\/strong><\/td><td style=\"font-weight: 400; text-align: center;\"><strong><span style=\"color: #ff0000;\">31.29<\/span><\/strong><\/td><\/tr><tr><td style=\"font-weight: 400;\"><strong><span style=\"color: #000000;\">OctaFx<\/span><\/strong><\/td><td style=\"font-weight: 400; text-align: center;\"><strong><span style=\"color: #ff0000;\">1.10<\/span><\/strong><\/td><td style=\"font-weight: 400; text-align: center;\"><strong><span style=\"color: #ff0000;\">1.32<\/span><\/strong><\/td><td style=\"font-weight: 400; text-align: center;\"><strong><span style=\"color: #ff0000;\">1.65<\/span><\/strong><\/td><td style=\"font-weight: 400; text-align: center;\"><strong><span style=\"color: #ff0000;\">2.02<\/span><\/strong><\/td><td style=\"font-weight: 400; text-align: center;\"><strong><span style=\"color: #ff0000;\">27.90<\/span><\/strong><\/td><\/tr><\/tbody><\/table>\t\t\t\t\t\t\t\t<\/div>\n\t\t\t\t<\/div>\n\t\t\t\t<div class=\"elementor-element elementor-element-64f09ec elementor-widget elementor-widget-text-editor\" data-id=\"64f09ec\" data-element_type=\"widget\" data-e-type=\"widget\" data-widget_type=\"text-editor.default\">\n\t\t\t\t<div class=\"elementor-widget-container\">\n\t\t\t\t\t\t\t\t\t<p><span style=\"color: #ff4400;\">Os spreads fornecidos representam o spread m\u00e9dio registado ao longo do m\u00eas de agosto.<\/span><\/p>\t\t\t\t\t\t\t\t<\/div>\n\t\t\t\t<\/div>\n\t\t\t\t<div class=\"elementor-element elementor-element-7d2b1df elementor-widget elementor-widget-text-editor\" data-id=\"7d2b1df\" data-element_type=\"widget\" data-e-type=\"widget\" data-widget_type=\"text-editor.default\">\n\t\t\t\t<div class=\"elementor-widget-container\">\n\t\t\t\t\t\t\t\t\t<p>*Todos os dados s\u00e3o coletados de um terceiro independente. Para obter informa\u00e7\u00f5es mais detalhadas, todos os dados s\u00e3o provenientes de <a href=\"https:\/\/forexbenchmark.com\/brokers\/spreads\/\">Refer\u00eancia de Forex<\/a>. Se os clientes desejarem saber mais sobre este site e seus m\u00e9todos de coleta de dados, eles podem clicar em <a href=\"https:\/\/forexbenchmark.com\/brokers\/spreads\/\" target=\"_new\" rel=\"noreferrer\">aqui<\/a> para acessar o site diretamente.<\/p>\t\t\t\t\t\t\t\t<\/div>\n\t\t\t\t<\/div>\n\t\t\t\t\t<\/div>\n\t\t<\/div>\n\t\t\t\t\t<\/div>\n\t\t<\/section>\n\t\t\t\t<section class=\"elementor-section elementor-top-section elementor-element elementor-element-1adbdd0 elementor-section-boxed elementor-section-height-default elementor-section-height-default\" data-id=\"1adbdd0\" data-element_type=\"section\" data-e-type=\"section\">\n\t\t\t\t\t\t<div class=\"elementor-container elementor-column-gap-default\">\n\t\t\t\t\t<div class=\"elementor-column elementor-col-100 elementor-top-column elementor-element elementor-element-9eb9c79\" data-id=\"9eb9c79\" data-element_type=\"column\" data-e-type=\"column\">\n\t\t\t<div class=\"elementor-widget-wrap elementor-element-populated\">\n\t\t\t\t\t\t<div class=\"elementor-element elementor-element-e29ef1c elementor-widget elementor-widget-heading\" data-id=\"e29ef1c\" data-element_type=\"widget\" data-e-type=\"widget\" data-widget_type=\"heading.default\">\n\t\t\t\t<div class=\"elementor-widget-container\">\n\t\t\t\t\t<h4 class=\"elementor-heading-title elementor-size-default\">Por que os nossos Spreads s\u00e3o t\u00e3o baixos?<\/h4>\t\t\t\t<\/div>\n\t\t\t\t<\/div>\n\t\t\t\t<div class=\"elementor-element elementor-element-bb8623d elementor-widget elementor-widget-text-editor\" data-id=\"bb8623d\" data-element_type=\"widget\" data-e-type=\"widget\" data-widget_type=\"text-editor.default\">\n\t\t\t\t<div class=\"elementor-widget-container\">\n\t\t\t\t\t\t\t\t\t<p style=\"text-align: center;\"><strong>Detica\u00e7\u00e3o:<br \/><\/strong>Na OQtima, nos dedicamos a aprimorar nossa rede de liquidez e otimizar nossa tecnologia de precifica\u00e7\u00e3o. Ao alavancar nossas parcerias institucionais estabelecidas em todo o mundo, garantimos pools de liquidez profundos, conex\u00f5es de baixa lat\u00eancia e pre\u00e7os altamente competitivos. Nossa avan\u00e7ada tecnologia de roteamento de ordens garante a satisfa\u00e7\u00e3o do cliente. Com nossas sofisticadas redes de liquidez, oferecemos pre\u00e7os personalizados que melhoram a execu\u00e7\u00e3o das negocia\u00e7\u00f5es e reduzem os custos de transa\u00e7\u00e3o para nossos clientes. Essa flexibilidade nos permite acomodar todos os tipos de clientes e diversas estrat\u00e9gias de negocia\u00e7\u00e3o.<\/p><p style=\"text-align: center;\"><strong>A equipe:<br \/><\/strong>Uma das responsabilidades \u00e9 monitorar os spreads do setor, garantindo que a OQtima forne\u00e7a consistentemente uma vantagem comercial genu\u00edna para nossos clientes. Frequentemente, vemos outras corretoras oferecendo spreads baixos por um breve per\u00edodo, apenas para deixar que seus pre\u00e7os se degradem. Isso acontece porque poucas corretoras t\u00eam a tecnologia, as ferramentas e a experi\u00eancia necess\u00e1rias para gerenciar com efic\u00e1cia seu fluxo e suas rela\u00e7\u00f5es com seus provedores de liquidez.<\/p><p style=\"text-align: center;\"><strong>Fluxo de negocia\u00e7\u00e3o:<br \/><\/strong>Nem todo fluxo de negocia\u00e7\u00e3o tem a mesma qualidade. Se esse fluxo n\u00e3o for gerenciado de forma ativa e correta, pode levar a problemas entre o corretor e os LPs, afetando negativamente o spread. Na OQtima, contamos com a tecnologia e a experi\u00eancia para lidar com a quantidade substancial de neg\u00f3cios que processamos diariamente. Nossos s\u00f3lidos relacionamentos com nossos LPs s\u00e3o constru\u00eddos com base na confian\u00e7a e na transpar\u00eancia.<\/p>\t\t\t\t\t\t\t\t<\/div>\n\t\t\t\t<\/div>\n\t\t\t\t<div class=\"elementor-element elementor-element-ff61f74 elementor-widget elementor-widget-heading\" data-id=\"ff61f74\" data-element_type=\"widget\" data-e-type=\"widget\" data-widget_type=\"heading.default\">\n\t\t\t\t<div class=\"elementor-widget-container\">\n\t\t\t\t\t<h4 class=\"elementor-heading-title elementor-size-default\">Por que os Spreads Baixos Importam<\/h4>\t\t\t\t<\/div>\n\t\t\t\t<\/div>\n\t\t\t\t<div class=\"elementor-element elementor-element-d018432 elementor-widget elementor-widget-text-editor\" data-id=\"d018432\" data-element_type=\"widget\" data-e-type=\"widget\" data-widget_type=\"text-editor.default\">\n\t\t\t\t<div class=\"elementor-widget-container\">\n\t\t\t\t\t\t\t\t\t<p style=\"text-align: center;\"><strong>Custos de negocia\u00e7\u00e3o mais baixos:<br \/><\/strong>Quanto menor o spread, menos voc\u00ea ter\u00e1 de pagar para executar uma negocia\u00e7\u00e3o. Isso \u00e9 crucial para os traders ativos que fazem v\u00e1rias negocia\u00e7\u00f5es diariamente, pois spreads menores se traduzem em custos de negocia\u00e7\u00e3o reduzidos e lucros potenciais mais altos.<\/p><p style=\"text-align: center;\"><strong>Mais f\u00e1cil de obter lucratividade:<br \/><\/strong>Quando os spreads s\u00e3o altos, uma negocia\u00e7\u00e3o precisa se mover mais a seu favor antes de voc\u00ea come\u00e7ar a lucrar. Spreads baixos significam que voc\u00ea come\u00e7a mais perto da lucratividade.<\/p><p style=\"text-align: center;\"><strong>Melhores condi\u00e7\u00f5es comerciais:<br \/><\/strong>Spreads apertados geralmente indicam um mercado l\u00edquido e competitivo, levando a uma execu\u00e7\u00e3o mais suave e a uma poss\u00edvel redu\u00e7\u00e3o da derrapagem.<\/p>\t\t\t\t\t\t\t\t<\/div>\n\t\t\t\t<\/div>\n\t\t\t\t<div class=\"elementor-element elementor-element-5507acf elementor-widget elementor-widget-heading\" data-id=\"5507acf\" data-element_type=\"widget\" data-e-type=\"widget\" data-widget_type=\"heading.default\">\n\t\t\t\t<div class=\"elementor-widget-container\">\n\t\t\t\t\t<h4 class=\"elementor-heading-title elementor-size-default\">Por Que Negociar com a OQtima<\/h4>\t\t\t\t<\/div>\n\t\t\t\t<\/div>\n\t\t\t\t<div class=\"elementor-element elementor-element-695573d elementor-widget elementor-widget-text-editor\" data-id=\"695573d\" data-element_type=\"widget\" data-e-type=\"widget\" data-widget_type=\"text-editor.default\">\n\t\t\t\t<div class=\"elementor-widget-container\">\n\t\t\t\t\t\t\t\t\t<p style=\"text-align: center;\"><strong>Spreads competitivos:<br \/><\/strong>A OQtima oferece spreads altamente competitivos, o que minimiza os custos de negocia\u00e7\u00e3o e maximiza os retornos potenciais para os operadores.<\/p><p style=\"text-align: center;\"><strong>Pre\u00e7os transparentes:<br \/><\/strong>A OQtima est\u00e1 comprometida com a transpar\u00eancia, garantindo que voc\u00ea saiba exatamente o que est\u00e1 pagando ao negociar. N\u00e3o h\u00e1 taxas ocultas ou cobran\u00e7as inesperadas.<\/p><p style=\"text-align: center;\"><strong>Alta liquidez:<br \/><\/strong>O acesso da OQtima a v\u00e1rios provedores de liquidez garante spreads reduzidos, mesmo em condi\u00e7\u00f5es de mercado vol\u00e1teis. Isso proporciona um ambiente de negocia\u00e7\u00e3o mais est\u00e1vel.<\/p><p style=\"text-align: center;\"><strong>Plataforma de negocia\u00e7\u00e3o:<br \/><\/strong>A OQtima oferece uma plataforma de negocia\u00e7\u00e3o avan\u00e7ada com recursos robustos, aprimorando sua experi\u00eancia de negocia\u00e7\u00e3o e qualidade de execu\u00e7\u00e3o.<\/p><p style=\"text-align: center;\"><strong>Suporte ao cliente confi\u00e1vel:<br \/><\/strong>Com a OQtima, voc\u00ea n\u00e3o apenas obt\u00e9m spreads baixos, mas tamb\u00e9m um suporte excepcional. Nossa equipe se dedica a ajud\u00e1-lo a ter sucesso em sua jornada de negocia\u00e7\u00e3o.<\/p><p style=\"text-align: center;\"><span style=\"color: #ff3300;\">Ao escolher a OQtima, voc\u00ea se beneficia de spreads baixos, pre\u00e7os transparentes e um ambiente de negocia\u00e7\u00e3o de apoio, tornando-a uma excelente escolha para voc\u00ea, seja como iniciante ou trader profissional.<\/span><\/p>\t\t\t\t\t\t\t\t<\/div>\n\t\t\t\t<\/div>\n\t\t\t\t\t<\/div>\n\t\t<\/div>\n\t\t\t\t\t<\/div>\n\t\t<\/section>\n\t\t\t\t<\/div>","protected":false},"excerpt":{"rendered":"<p>Curious About Our Spreads? See [&hellip;]<\/p>\n","protected":false},"author":4,"featured_media":0,"parent":0,"menu_order":0,"comment_status":"closed","ping_status":"closed","template":"","meta":{"footnotes":""},"class_list":["post-1775","page","type-page","status-publish","hentry"],"_links":{"self":[{"href":"https:\/\/oqtima.news\/br\/wp-json\/wp\/v2\/pages\/1775","targetHints":{"allow":["GET"]}}],"collection":[{"href":"https:\/\/oqtima.news\/br\/wp-json\/wp\/v2\/pages"}],"about":[{"href":"https:\/\/oqtima.news\/br\/wp-json\/wp\/v2\/types\/page"}],"author":[{"embeddable":true,"href":"https:\/\/oqtima.news\/br\/wp-json\/wp\/v2\/users\/4"}],"replies":[{"embeddable":true,"href":"https:\/\/oqtima.news\/br\/wp-json\/wp\/v2\/comments?post=1775"}],"version-history":[{"count":155,"href":"https:\/\/oqtima.news\/br\/wp-json\/wp\/v2\/pages\/1775\/revisions"}],"predecessor-version":[{"id":6147,"href":"https:\/\/oqtima.news\/br\/wp-json\/wp\/v2\/pages\/1775\/revisions\/6147"}],"wp:attachment":[{"href":"https:\/\/oqtima.news\/br\/wp-json\/wp\/v2\/media?parent=1775"}],"curies":[{"name":"wp","href":"https:\/\/api.w.org\/{rel}","templated":true}]}}