{"id":4933,"date":"2025-06-20T12:38:54","date_gmt":"2025-06-20T09:38:54","guid":{"rendered":"https:\/\/oqtima.news\/?page_id=4933"},"modified":"2025-06-25T11:58:55","modified_gmt":"2025-06-25T08:58:55","slug":"copy-trading","status":"publish","type":"page","link":"https:\/\/oqtima.news\/br\/copy-trading\/","title":{"rendered":"Copy Trading da OQtima"},"content":{"rendered":"<div data-elementor-type=\"wp-page\" data-elementor-id=\"4933\" class=\"elementor elementor-4933\" data-elementor-post-type=\"page\">\n\t\t\t\t\t\t<section class=\"elementor-section elementor-top-section elementor-element elementor-element-8247cf6 elementor-section-boxed elementor-section-height-default elementor-section-height-default\" data-id=\"8247cf6\" data-element_type=\"section\" data-e-type=\"section\" data-settings=\"{&quot;background_background&quot;:&quot;classic&quot;}\">\n\t\t\t\t\t\t<div class=\"elementor-container elementor-column-gap-default\">\n\t\t\t\t\t<div class=\"elementor-column elementor-col-100 elementor-top-column elementor-element elementor-element-dbabab8\" data-id=\"dbabab8\" data-element_type=\"column\" data-e-type=\"column\">\n\t\t\t<div class=\"elementor-widget-wrap elementor-element-populated\">\n\t\t\t\t\t\t<div class=\"elementor-element elementor-element-b4678a7 elementor-widget elementor-widget-heading\" data-id=\"b4678a7\" data-element_type=\"widget\" data-e-type=\"widget\" data-widget_type=\"heading.default\">\n\t\t\t\t<div class=\"elementor-widget-container\">\n\t\t\t\t\t<h2 class=\"elementor-heading-title elementor-size-default\">Copie os melhores. Ou torne-se um deles<\/h2>\t\t\t\t<\/div>\n\t\t\t\t<\/div>\n\t\t\t\t\t<\/div>\n\t\t<\/div>\n\t\t\t\t\t<\/div>\n\t\t<\/section>\n\t\t\t\t<section class=\"elementor-section elementor-top-section elementor-element elementor-element-9563642 elementor-section-boxed elementor-section-height-default elementor-section-height-default\" data-id=\"9563642\" data-element_type=\"section\" data-e-type=\"section\">\n\t\t\t\t\t\t<div class=\"elementor-container elementor-column-gap-default\">\n\t\t\t\t\t<div class=\"elementor-column elementor-col-100 elementor-top-column elementor-element elementor-element-d95fd5f\" data-id=\"d95fd5f\" data-element_type=\"column\" data-e-type=\"column\">\n\t\t\t<div class=\"elementor-widget-wrap elementor-element-populated\">\n\t\t\t\t\t\t<div class=\"elementor-element elementor-element-2f8f4a9 elementor-widget elementor-widget-text-editor\" data-id=\"2f8f4a9\" data-element_type=\"widget\" data-e-type=\"widget\" data-widget_type=\"text-editor.default\">\n\t\t\t\t<div class=\"elementor-widget-container\">\n\t\t\t\t\t\t\t\t\t<div><div dir=\"auto\" data-testid=\"conversation-turn-5\"><div dir=\"auto\" data-message-author-role=\"assistant\" data-message-id=\"01ea7909-56ee-43a1-a206-9789877168ea\"><p style=\"text-align: center;\" data-start=\"446\" data-end=\"597\">E se voc\u00ea pudesse seguir os passos de traders comprovados ou ser recompensado sempre que algu\u00e9m copiasse as suas opera\u00e7\u00f5es?<\/p><p style=\"text-align: center;\" data-start=\"599\" data-end=\"662\">Com o novo recurdo de <strong data-start=\"617\" data-end=\"633\">Copy Trading da OQtima<\/strong> , esse futuro j\u00e1 \u00e9 realidade.<\/p><h3 style=\"text-align: center;\" data-start=\"669\" data-end=\"697\">\ud83d\udd0d O que \u00e9 Copy Trading?<\/h3><p style=\"text-align: center;\" data-start=\"699\" data-end=\"924\" class=\"translation-block\">O Copy Trading \u00e9 um recurso inovador que permite que voc\u00ea <strong data-start=\"756\" data-end=\"818\">reproduza automaticamente as negocia\u00e7\u00f5es de investidores bem-sucedidos<\/strong>. Quando eles negociam, voc\u00ea negocia em tempo real e proporcionalmente ao tamanho de sua pr\u00f3pria conta e \u00e0s configura\u00e7\u00f5es de risco.<\/p><p style=\"text-align: center;\" data-start=\"926\" data-end=\"972\">Trading de forma simples, social e mais inteligente.<\/p><\/div><\/div><\/div><h3 style=\"text-align: center;\" data-start=\"979\" data-end=\"1002\">Escolha como participar<\/h3>\t\t\t\t\t\t\t\t<\/div>\n\t\t\t\t<\/div>\n\t\t\t\t<div class=\"elementor-element elementor-element-9cbcda1 elementor-align-center elementor-widget elementor-widget-button\" data-id=\"9cbcda1\" data-element_type=\"widget\" data-e-type=\"widget\" data-widget_type=\"button.default\">\n\t\t\t\t<div class=\"elementor-widget-container\">\n\t\t\t\t\t\t\t\t\t<div class=\"elementor-button-wrapper\">\n\t\t\t\t\t<a class=\"elementor-button elementor-button-link elementor-size-sm\" href=\"https:\/\/oqtima.news\/wp-content\/uploads\/2025\/06\/Manual-de-Copytrading-Provedor.pdf\" target=\"_blank\">\n\t\t\t\t\t\t<span class=\"elementor-button-content-wrapper\">\n\t\t\t\t\t\t\t\t\t<span class=\"elementor-button-text\">Eu sou um Provedor<\/span>\n\t\t\t\t\t<\/span>\n\t\t\t\t\t<\/a>\n\t\t\t\t<\/div>\n\t\t\t\t\t\t\t\t<\/div>\n\t\t\t\t<\/div>\n\t\t\t\t<div class=\"elementor-element elementor-element-7877ab9 elementor-align-center elementor-widget elementor-widget-button\" data-id=\"7877ab9\" data-element_type=\"widget\" data-e-type=\"widget\" data-widget_type=\"button.default\">\n\t\t\t\t<div class=\"elementor-widget-container\">\n\t\t\t\t\t\t\t\t\t<div class=\"elementor-button-wrapper\">\n\t\t\t\t\t<a class=\"elementor-button elementor-button-link elementor-size-sm\" href=\"https:\/\/oqtima.news\/wp-content\/uploads\/2025\/06\/Manual-de-CopyTrading-Seguidor.pdf\" target=\"_blank\">\n\t\t\t\t\t\t<span class=\"elementor-button-content-wrapper\">\n\t\t\t\t\t\t\t\t\t<span class=\"elementor-button-text\"> Eu sou um Seguidor <\/span>\n\t\t\t\t\t<\/span>\n\t\t\t\t\t<\/a>\n\t\t\t\t<\/div>\n\t\t\t\t\t\t\t\t<\/div>\n\t\t\t\t<\/div>\n\t\t\t\t\t<\/div>\n\t\t<\/div>\n\t\t\t\t\t<\/div>\n\t\t<\/section>\n\t\t\t\t<section class=\"elementor-section elementor-top-section elementor-element elementor-element-5f0104f elementor-section-boxed elementor-section-height-default elementor-section-height-default\" data-id=\"5f0104f\" data-element_type=\"section\" data-e-type=\"section\" data-settings=\"{&quot;background_background&quot;:&quot;classic&quot;}\">\n\t\t\t\t\t\t<div class=\"elementor-container elementor-column-gap-default\">\n\t\t\t\t\t<div class=\"elementor-column elementor-col-100 elementor-top-column elementor-element elementor-element-075c8b3\" data-id=\"075c8b3\" data-element_type=\"column\" data-e-type=\"column\">\n\t\t\t<div class=\"elementor-widget-wrap elementor-element-populated\">\n\t\t\t\t\t\t<div class=\"elementor-element elementor-element-da15e35 elementor-widget elementor-widget-text-editor\" data-id=\"da15e35\" data-element_type=\"widget\" data-e-type=\"widget\" data-widget_type=\"text-editor.default\">\n\t\t\t\t<div class=\"elementor-widget-container\">\n\t\t\t\t\t\t\t\t\t<div dir=\"auto\" data-testid=\"conversation-turn-5\"><div dir=\"auto\" data-message-author-role=\"assistant\" data-message-id=\"01ea7909-56ee-43a1-a206-9789877168ea\"><h4 style=\"text-align: center;\" data-start=\"1524\" data-end=\"1579\"><strong><span style=\"color: #ffffff;\">Para Provedores de Estrat\u00e9gia<\/span><\/strong><\/h4><h4 style=\"text-align: center;\" data-start=\"1524\" data-end=\"1579\"><span style=\"color: #ffffff;\">Seja copiado. Seja pago.<\/span><\/h4><p style=\"text-align: center;\" data-start=\"1580\" data-end=\"1886\" class=\"translation-block\">Se voc\u00ea \u00e9 um trader habilidoso com um hist\u00f3rico consistente, <strong data-start=\"1639\" data-end=\"1693\">por que n\u00e3o transformar sua performance em uma renda passiva?<\/strong><br data-start=\"1693\" data-end=\"1696\">Como Provedor de Estrat\u00e9gia, suas opera\u00e7\u00f5es s\u00e3o compartilhadas com uma comunidade crescente de seguidores. Cada vez que algu\u00e9m assina para copiar voc\u00ea, voc\u00ea <strong data-start=\"1828\" data-end=\"1848\">ganha comiss\u00f5es<\/strong> sem precisar mudar a forma como opera.<\/p><p style=\"text-align: center;\" data-start=\"1888\" data-end=\"1996\" class=\"translation-block\">Este \u00e9 o seu momento. Seja um dos primeiros provedores na plataforma e <span style=\"color: #ffffff\">construa sua base de seguidores desde cedo<\/span><\/p><\/div><\/div>\t\t\t\t\t\t\t\t<\/div>\n\t\t\t\t<\/div>\n\t\t\t\t<div class=\"elementor-element elementor-element-b32297a elementor-align-center elementor-widget elementor-widget-button\" data-id=\"b32297a\" data-element_type=\"widget\" data-e-type=\"widget\" data-widget_type=\"button.default\">\n\t\t\t\t<div class=\"elementor-widget-container\">\n\t\t\t\t\t\t\t\t\t<div class=\"elementor-button-wrapper\">\n\t\t\t\t\t<a class=\"elementor-button elementor-button-link elementor-size-sm\" href=\"https:\/\/oqtima.news\/wp-content\/uploads\/2025\/06\/Manual-de-Copytrading-Provedor.pdf\" target=\"_blank\">\n\t\t\t\t\t\t<span class=\"elementor-button-content-wrapper\">\n\t\t\t\t\t\t\t\t\t<span class=\"elementor-button-text\">Baixe o nosso Playbook para Provedores<\/span>\n\t\t\t\t\t<\/span>\n\t\t\t\t\t<\/a>\n\t\t\t\t<\/div>\n\t\t\t\t\t\t\t\t<\/div>\n\t\t\t\t<\/div>\n\t\t\t\t\t<\/div>\n\t\t<\/div>\n\t\t\t\t\t<\/div>\n\t\t<\/section>\n\t\t\t\t<section class=\"elementor-section elementor-top-section elementor-element elementor-element-1408697 elementor-section-boxed elementor-section-height-default elementor-section-height-default\" data-id=\"1408697\" data-element_type=\"section\" data-e-type=\"section\" data-settings=\"{&quot;background_background&quot;:&quot;classic&quot;}\">\n\t\t\t\t\t\t<div class=\"elementor-container elementor-column-gap-default\">\n\t\t\t\t\t<div class=\"elementor-column elementor-col-100 elementor-top-column elementor-element elementor-element-fa7e85f\" data-id=\"fa7e85f\" data-element_type=\"column\" data-e-type=\"column\">\n\t\t\t<div class=\"elementor-widget-wrap elementor-element-populated\">\n\t\t\t\t\t\t<div class=\"elementor-element elementor-element-5eeeacc elementor-widget elementor-widget-text-editor\" data-id=\"5eeeacc\" data-element_type=\"widget\" data-e-type=\"widget\" data-widget_type=\"text-editor.default\">\n\t\t\t\t<div class=\"elementor-widget-container\">\n\t\t\t\t\t\t\t\t\t<div><div dir=\"auto\" data-testid=\"conversation-turn-5\"><div dir=\"auto\" data-message-author-role=\"assistant\" data-message-id=\"01ea7909-56ee-43a1-a206-9789877168ea\"><h3 style=\"text-align: center;\" data-start=\"406\" data-end=\"439\"><span style=\"color: #ffffff;\"><strong><span style=\"font-family: inherit; font-size: 1.5rem;\">Para Seguidores:<\/span><\/strong><\/span><\/h3><h3 style=\"text-align: center;\" data-start=\"406\" data-end=\"439\"><span style=\"color: #ffffff; font-family: inherit; font-size: 1.5rem;\">Negocie de forma inteligente, sem esfor\u00e7o.<\/span><\/h3><\/div><\/div><\/div><p style=\"text-align: center;\" data-start=\"1054\" data-end=\"1346\" class=\"translation-block\">N\u00e3o tem tempo ou conhecimento para negociar ativamente nos mercados? <br data-start=\"1117\" data-end=\"1120\">O Copy Trading permite que voc\u00ea siga as estrat\u00e9gias dos traders de melhor desempenho e <strong data-start=\"1194\" data-end=\"1231\">espelhe suas negocia\u00e7\u00f5es automaticamente<\/strong>. Voc\u00ea mant\u00e9m o controle total, ajusta os n\u00edveis de risco, pausa a c\u00f3pia a qualquer momento e monitora seus resultados de forma transparente.<\/p><p style=\"text-align: center;\" data-start=\"1348\" data-end=\"1394\" class=\"translation-block\">\ud83c\udfaf <em data-start=\"1351\" data-end=\"1394\">Perfeito para iniciantes ou operadores passivos.<\/em><\/p>\t\t\t\t\t\t\t\t<\/div>\n\t\t\t\t<\/div>\n\t\t\t\t<div class=\"elementor-element elementor-element-1752ccc elementor-align-center elementor-widget elementor-widget-button\" data-id=\"1752ccc\" data-element_type=\"widget\" data-e-type=\"widget\" data-widget_type=\"button.default\">\n\t\t\t\t<div class=\"elementor-widget-container\">\n\t\t\t\t\t\t\t\t\t<div class=\"elementor-button-wrapper\">\n\t\t\t\t\t<a class=\"elementor-button elementor-button-link elementor-size-sm\" href=\"https:\/\/oqtima.news\/wp-content\/uploads\/2025\/06\/Manual-de-CopyTrading-Seguidor.pdf\" target=\"_blank\">\n\t\t\t\t\t\t<span class=\"elementor-button-content-wrapper\">\n\t\t\t\t\t\t\t\t\t<span class=\"elementor-button-text\">Baixe o nosso Playbook para Seguidores<\/span>\n\t\t\t\t\t<\/span>\n\t\t\t\t\t<\/a>\n\t\t\t\t<\/div>\n\t\t\t\t\t\t\t\t<\/div>\n\t\t\t\t<\/div>\n\t\t\t\t\t<\/div>\n\t\t<\/div>\n\t\t\t\t\t<\/div>\n\t\t<\/section>\n\t\t\t\t<section class=\"elementor-section elementor-top-section elementor-element elementor-element-1b70966 elementor-section-boxed elementor-section-height-default elementor-section-height-default\" data-id=\"1b70966\" data-element_type=\"section\" data-e-type=\"section\" data-settings=\"{&quot;background_background&quot;:&quot;classic&quot;}\">\n\t\t\t\t\t\t<div class=\"elementor-container elementor-column-gap-default\">\n\t\t\t\t\t<div class=\"elementor-column elementor-col-100 elementor-top-column elementor-element elementor-element-87d2d1a\" data-id=\"87d2d1a\" data-element_type=\"column\" data-e-type=\"column\">\n\t\t\t<div class=\"elementor-widget-wrap elementor-element-populated\">\n\t\t\t\t\t\t<div class=\"elementor-element elementor-element-f77219e elementor-widget elementor-widget-text-editor\" data-id=\"f77219e\" data-element_type=\"widget\" data-e-type=\"widget\" data-widget_type=\"text-editor.default\">\n\t\t\t\t<div class=\"elementor-widget-container\">\n\t\t\t\t\t\t\t\t\t<div dir=\"auto\" data-testid=\"conversation-turn-5\"><div dir=\"auto\" data-message-author-role=\"assistant\" data-message-id=\"01ea7909-56ee-43a1-a206-9789877168ea\"><h3 style=\"text-align: center;\" data-start=\"2137\" data-end=\"2158\"><span style=\"color: #000000;\">Por que come\u00e7ar agora?<\/span><\/h3><p style=\"text-align: center;\" data-start=\"2162\" data-end=\"2271\"><span style=\"text-decoration: underline; color: #000000;\"><strong data-start=\"2162\" data-end=\"2187\">Vantagem de ser pioneiro<\/strong>:<\/span><\/p><p style=\"text-align: center;\" data-start=\"2162\" data-end=\"2271\" class=\"translation-block\">Nossa plataforma de Copy Trading \u00e9 totalmente nova. Os primeiros usu\u00e1rios obt\u00eam <strong data-start=\"2248\" data-end=\"2268\">prima visibilidade<\/strong>.<\/p><p style=\"text-align: center;\" data-start=\"2274\" data-end=\"2378\"><span style=\"text-decoration: underline; color: #000000;\"><strong data-start=\"2274\" data-end=\"2297\">Experi\u00eancia integrada<\/strong>:<\/span><\/p><p style=\"text-align: center;\" data-start=\"2274\" data-end=\"2378\"><span style=\"color: #000000;\">Totalmente integrado \u00e0 plataforma da OQtima. Voc\u00ea n\u00e3o precisa de ferramentas ou contas extras.<\/span><\/p><p style=\"text-align: center;\" data-start=\"2381\" data-end=\"2498\"><span style=\"text-decoration: underline; color: #000000;\"><strong data-start=\"2381\" data-end=\"2402\">Transpar\u00eancia total<\/strong>:<\/span><\/p><p style=\"text-align: center;\" data-start=\"2381\" data-end=\"2498\"><span style=\"color: #000000;\">Estat\u00edsticas de desempenho, pontua\u00e7\u00f5es de risco, hist\u00f3rico de opera\u00e7\u00f5es e tudo o que seus seguidores precisam para confiar em voc\u00ea.<\/span><\/p><p style=\"text-align: center;\" data-start=\"2501\" data-end=\"2596\"><span style=\"text-decoration: underline; color: #000000;\"><strong data-start=\"2501\" data-end=\"2529\">Suas opera\u00e7\u00f5es, nos seus termos<\/strong>:<\/span><\/p><p style=\"text-align: center;\" data-start=\"2501\" data-end=\"2596\"><span style=\"color: #000000;\">Esteja voc\u00ea copiando ou sendo copiado, o controle \u00e9 sempre seu.<\/span><\/p><\/div><\/div>\t\t\t\t\t\t\t\t<\/div>\n\t\t\t\t<\/div>\n\t\t\t\t\t<\/div>\n\t\t<\/div>\n\t\t\t\t\t<\/div>\n\t\t<\/section>\n\t\t\t\t<\/div>","protected":false},"excerpt":{"rendered":"<p>Copy the best. Or become [&hellip;]<\/p>\n","protected":false},"author":4,"featured_media":0,"parent":0,"menu_order":0,"comment_status":"closed","ping_status":"closed","template":"","meta":{"footnotes":""},"class_list":["post-4933","page","type-page","status-publish","hentry"],"_links":{"self":[{"href":"https:\/\/oqtima.news\/br\/wp-json\/wp\/v2\/pages\/4933","targetHints":{"allow":["GET"]}}],"collection":[{"href":"https:\/\/oqtima.news\/br\/wp-json\/wp\/v2\/pages"}],"about":[{"href":"https:\/\/oqtima.news\/br\/wp-json\/wp\/v2\/types\/page"}],"author":[{"embeddable":true,"href":"https:\/\/oqtima.news\/br\/wp-json\/wp\/v2\/users\/4"}],"replies":[{"embeddable":true,"href":"https:\/\/oqtima.news\/br\/wp-json\/wp\/v2\/comments?post=4933"}],"version-history":[{"count":60,"href":"https:\/\/oqtima.news\/br\/wp-json\/wp\/v2\/pages\/4933\/revisions"}],"predecessor-version":[{"id":5056,"href":"https:\/\/oqtima.news\/br\/wp-json\/wp\/v2\/pages\/4933\/revisions\/5056"}],"wp:attachment":[{"href":"https:\/\/oqtima.news\/br\/wp-json\/wp\/v2\/media?parent=4933"}],"curies":[{"name":"wp","href":"https:\/\/api.w.org\/{rel}","templated":true}]}}