{"id":1775,"date":"2024-04-22T12:46:01","date_gmt":"2024-04-22T12:46:01","guid":{"rendered":"https:\/\/oqtima.news\/?page_id=1775"},"modified":"2025-09-03T14:59:36","modified_gmt":"2025-09-03T11:59:36","slug":"spreads-comparison","status":"publish","type":"page","link":"https:\/\/oqtima.news\/es\/spreads-comparison\/","title":{"rendered":"Comparaci\u00f3n de Spreads"},"content":{"rendered":"<div data-elementor-type=\"wp-page\" data-elementor-id=\"1775\" class=\"elementor elementor-1775\" data-elementor-post-type=\"page\">\n\t\t\t\t\t\t<section class=\"elementor-section elementor-top-section elementor-element elementor-element-7c5d964 elementor-section-boxed elementor-section-height-default elementor-section-height-default\" data-id=\"7c5d964\" data-element_type=\"section\" data-e-type=\"section\">\n\t\t\t\t\t\t<div class=\"elementor-container elementor-column-gap-default\">\n\t\t\t\t\t<div class=\"elementor-column elementor-col-100 elementor-top-column elementor-element elementor-element-cec770f\" data-id=\"cec770f\" data-element_type=\"column\" data-e-type=\"column\">\n\t\t\t<div class=\"elementor-widget-wrap elementor-element-populated\">\n\t\t\t\t\t\t<div class=\"elementor-element elementor-element-bdfc624 elementor-widget elementor-widget-heading\" data-id=\"bdfc624\" data-element_type=\"widget\" data-e-type=\"widget\" data-widget_type=\"heading.default\">\n\t\t\t\t<div class=\"elementor-widget-container\">\n\t\t\t\t\t<h2 class=\"elementor-heading-title elementor-size-default\">\u00bfTienes curiosidad sobre nuestros spreads?<\/h2>\t\t\t\t<\/div>\n\t\t\t\t<\/div>\n\t\t\t\t<div class=\"elementor-element elementor-element-44e3251 elementor-widget elementor-widget-heading\" data-id=\"44e3251\" data-element_type=\"widget\" data-e-type=\"widget\" data-widget_type=\"heading.default\">\n\t\t\t\t<div class=\"elementor-widget-container\">\n\t\t\t\t\t<h2 class=\"elementor-heading-title elementor-size-default\">\u00a1M\u00edralo por ti mismo!<\/h2>\t\t\t\t<\/div>\n\t\t\t\t<\/div>\n\t\t\t\t<div class=\"elementor-element elementor-element-9a75524 elementor-widget elementor-widget-heading\" data-id=\"9a75524\" data-element_type=\"widget\" data-e-type=\"widget\" data-widget_type=\"heading.default\">\n\t\t\t\t<div class=\"elementor-widget-container\">\n\t\t\t\t\t<h4 class=\"elementor-heading-title elementor-size-default\">Echa un vistazo a c\u00f3mo se comparan nuestros spreads con los de otros brokers en el entorno ECN\u2026<\/h4>\t\t\t\t<\/div>\n\t\t\t\t<\/div>\n\t\t\t\t\t<\/div>\n\t\t<\/div>\n\t\t\t\t\t<\/div>\n\t\t<\/section>\n\t\t\t\t<section class=\"elementor-section elementor-top-section elementor-element elementor-element-2fd090a elementor-section-boxed elementor-section-height-default elementor-section-height-default\" data-id=\"2fd090a\" data-element_type=\"section\" data-e-type=\"section\">\n\t\t\t\t\t\t<div class=\"elementor-container elementor-column-gap-default\">\n\t\t\t\t\t<div class=\"elementor-column elementor-col-100 elementor-top-column elementor-element elementor-element-68b8b10\" data-id=\"68b8b10\" data-element_type=\"column\" data-e-type=\"column\">\n\t\t\t<div class=\"elementor-widget-wrap elementor-element-populated\">\n\t\t\t\t\t\t<div class=\"elementor-element elementor-element-c0a7d41 elementor-invisible elementor-widget elementor-widget-text-editor\" data-id=\"c0a7d41\" data-element_type=\"widget\" data-e-type=\"widget\" data-settings=\"{&quot;_animation&quot;:&quot;zoomIn&quot;}\" data-widget_type=\"text-editor.default\">\n\t\t\t\t<div class=\"elementor-widget-container\">\n\t\t\t\t\t\t\t\t\t<h5 style=\"text-align: center;\">\u00a0<\/h5><table width=\"474\"><tbody><tr><td style=\"font-weight: 400;\" width=\"79\">\u00a0<\/td><td style=\"font-weight: 400; text-align: center;\" width=\"79\"><span style=\"color: #000000;\"><strong>EUR\/USD<\/strong><\/span><\/td><td style=\"font-weight: 400; text-align: center;\" width=\"79\"><strong>GBP\/USD<\/strong><\/td><td style=\"font-weight: 400; text-align: center;\" width=\"79\"><strong>USD\/CAD<\/strong><\/td><td style=\"font-weight: 400; text-align: center;\" width=\"79\"><span style=\"color: #000000;\"><strong>USD\/JPY<\/strong><\/span><\/td><td style=\"font-weight: 400; text-align: center;\" width=\"79\"><span style=\"color: #000000;\"><strong>XAU\/USD<\/strong><\/span><\/td><\/tr><tr><td style=\"font-weight: 400;\"><strong><span style=\"color: #000000;\">OQtima<\/span><\/strong><\/td><td style=\"font-weight: 400; text-align: center;\"><span style=\"color: #ff6600;\"><strong>0.20<\/strong><\/span><\/td><td style=\"font-weight: 400; text-align: center;\"><span style=\"color: #008000;\"><strong>0.30<\/strong><\/span><\/td><td style=\"font-weight: 400; text-align: center;\"><span style=\"color: #ff0000;\"><strong>0.60<\/strong><\/span><\/td><td style=\"font-weight: 400; text-align: center;\"><span style=\"color: #ff0000;\"><strong>1.00<\/strong><\/span><\/td><td style=\"font-weight: 400; text-align: center;\"><span style=\"color: #008000;\"><strong>0.20<\/strong><\/span><\/td><\/tr><tr><td style=\"font-weight: 400;\"><strong><span style=\"color: #000000;\">Pepperstone<\/span><\/strong><\/td><td style=\"font-weight: 400; text-align: center;\"><span style=\"color: #99cc00;\"><strong>0.18<\/strong><\/span><\/td><td style=\"font-weight: 400; text-align: center;\"><span style=\"color: #ff0000;\"><strong>0.53<\/strong><\/span><\/td><td style=\"font-weight: 400; text-align: center;\"><span style=\"color: #ff6600;\"><strong>0.51<\/strong><\/span><\/td><td style=\"font-weight: 400; text-align: center;\"><span style=\"color: #99cc00;\"><strong>0.49<\/strong><\/span><\/td><td style=\"font-weight: 400; text-align: center;\"><span style=\"color: #ff0000;\"><strong>16.63<\/strong><\/span><\/td><\/tr><tr><td style=\"font-weight: 400;\"><strong><span style=\"color: #000000;\">Mercados IC<\/span><\/strong><\/td><td style=\"font-weight: 400; text-align: center;\"><span style=\"color: #ff0000;\"><strong>0.24<\/strong><\/span><\/td><td style=\"font-weight: 400; text-align: center;\"><strong><span style=\"color: #ff0000;\">0.56<\/span><\/strong><\/td><td style=\"font-weight: 400; text-align: center;\"><span style=\"color: #99cc00;\"><strong>0.45<\/strong><\/span><\/td><td style=\"font-weight: 400; text-align: center;\"><span style=\"color: #ff6600;\"><strong>0.50<\/strong><\/span><\/td><td style=\"font-weight: 400; text-align: center;\"><strong><span style=\"color: #ff0000;\">9.79<\/span><\/strong><\/td><\/tr><tr><td style=\"font-weight: 400;\"><strong><span style=\"color: #000000;\">Tickmill<\/span><\/strong><\/td><td style=\"font-weight: 400; text-align: center;\"><span style=\"color: #ff0000;\"><strong>0.20<\/strong><\/span><\/td><td style=\"font-weight: 400; text-align: center;\"><span style=\"color: #ff6600;\"><strong>0.47<\/strong><\/span><\/td><td style=\"font-weight: 400; text-align: center;\"><span style=\"color: #008000;\"><strong>0.32<\/strong><\/span><\/td><td style=\"font-weight: 400; text-align: center;\"><span style=\"color: #008000;\"><strong>0.45<\/strong><\/span><\/td><td style=\"font-weight: 400; text-align: center;\"><strong><span style=\"color: #ff0000;\">12.91<\/span><\/strong><\/td><\/tr><tr><td style=\"font-weight: 400;\"><strong><span style=\"color: #000000;\">Mercados Admiral<\/span><\/strong><\/td><td style=\"font-weight: 400; text-align: center;\"><span style=\"color: #008000;\"><strong>0.17<\/strong><\/span><\/td><td style=\"font-weight: 400; text-align: center;\"><span style=\"color: #ff0000;\"><strong>0.94<\/strong><\/span><\/td><td style=\"font-weight: 400; text-align: center;\"><span style=\"color: #ff0000;\"><strong>1.52<\/strong><\/span><\/td><td style=\"font-weight: 400; text-align: center;\"><span style=\"color: #008000;\"><strong>0.45<\/strong><\/span><\/td><td style=\"font-weight: 400; text-align: center;\"><span style=\"color: #ff0000;\"><strong>12.91<\/strong><\/span><\/td><\/tr><tr><td style=\"font-weight: 400;\"><strong><span style=\"color: #000000;\">Doo Prime<\/span><\/strong><\/td><td style=\"font-weight: 400; text-align: center;\"><strong><span style=\"color: #ff0000;\">0.61<\/span><\/strong><\/td><td style=\"font-weight: 400; text-align: center;\"><strong><span style=\"color: #ff0000;\">0.76<\/span><\/strong><\/td><td style=\"font-weight: 400; text-align: center;\"><strong><span style=\"color: #ff0000;\">0.67<\/span><\/strong><\/td><td style=\"font-weight: 400; text-align: center;\"><strong><span style=\"color: #ff0000;\">0.81<\/span><\/strong><\/td><td style=\"font-weight: 400; text-align: center;\"><strong><span style=\"color: #ff0000;\">31.29<\/span><\/strong><\/td><\/tr><tr><td style=\"font-weight: 400;\"><strong><span style=\"color: #000000;\">OctaFx<\/span><\/strong><\/td><td style=\"font-weight: 400; text-align: center;\"><strong><span style=\"color: #ff0000;\">1.10<\/span><\/strong><\/td><td style=\"font-weight: 400; text-align: center;\"><strong><span style=\"color: #ff0000;\">1.32<\/span><\/strong><\/td><td style=\"font-weight: 400; text-align: center;\"><strong><span style=\"color: #ff0000;\">1.65<\/span><\/strong><\/td><td style=\"font-weight: 400; text-align: center;\"><strong><span style=\"color: #ff0000;\">2.02<\/span><\/strong><\/td><td style=\"font-weight: 400; text-align: center;\"><strong><span style=\"color: #ff0000;\">27.90<\/span><\/strong><\/td><\/tr><\/tbody><\/table>\t\t\t\t\t\t\t\t<\/div>\n\t\t\t\t<\/div>\n\t\t\t\t<div class=\"elementor-element elementor-element-64f09ec elementor-widget elementor-widget-text-editor\" data-id=\"64f09ec\" data-element_type=\"widget\" data-e-type=\"widget\" data-widget_type=\"text-editor.default\">\n\t\t\t\t<div class=\"elementor-widget-container\">\n\t\t\t\t\t\t\t\t\t<p><span style=\"color: #ff4400;\">Los spreads proporcionados representan el spread promedio registrado durante el mes de agosto.<\/span><\/p>\t\t\t\t\t\t\t\t<\/div>\n\t\t\t\t<\/div>\n\t\t\t\t<div class=\"elementor-element elementor-element-7d2b1df elementor-widget elementor-widget-text-editor\" data-id=\"7d2b1df\" data-element_type=\"widget\" data-e-type=\"widget\" data-widget_type=\"text-editor.default\">\n\t\t\t\t<div class=\"elementor-widget-container\">\n\t\t\t\t\t\t\t\t\t<p>*Todos los datos proceden de un tercero independiente. Para obtener informaci\u00f3n m\u00e1s detallada, todos los datos proceden de <a href=\"https:\/\/forexbenchmark.com\/brokers\/spreads\/\">\u00cdndice de referencia de divisas<\/a>. Si los clientes desean obtener m\u00e1s informaci\u00f3n sobre este sitio web y sus m\u00e9todos de recogida de datos, pueden hacer clic en <a href=\"https:\/\/forexbenchmark.com\/brokers\/spreads\/\" target=\"_new\" rel=\"noreferrer\">aqu\u00ed<\/a> para visitar directamente el sitio web.<\/p>\t\t\t\t\t\t\t\t<\/div>\n\t\t\t\t<\/div>\n\t\t\t\t\t<\/div>\n\t\t<\/div>\n\t\t\t\t\t<\/div>\n\t\t<\/section>\n\t\t\t\t<section class=\"elementor-section elementor-top-section elementor-element elementor-element-1adbdd0 elementor-section-boxed elementor-section-height-default elementor-section-height-default\" data-id=\"1adbdd0\" data-element_type=\"section\" data-e-type=\"section\">\n\t\t\t\t\t\t<div class=\"elementor-container elementor-column-gap-default\">\n\t\t\t\t\t<div class=\"elementor-column elementor-col-100 elementor-top-column elementor-element elementor-element-9eb9c79\" data-id=\"9eb9c79\" data-element_type=\"column\" data-e-type=\"column\">\n\t\t\t<div class=\"elementor-widget-wrap elementor-element-populated\">\n\t\t\t\t\t\t<div class=\"elementor-element elementor-element-e29ef1c elementor-widget elementor-widget-heading\" data-id=\"e29ef1c\" data-element_type=\"widget\" data-e-type=\"widget\" data-widget_type=\"heading.default\">\n\t\t\t\t<div class=\"elementor-widget-container\">\n\t\t\t\t\t<h4 class=\"elementor-heading-title elementor-size-default\">\u00bfPor qu\u00e9 nuestros spreads son tan bajos?<\/h4>\t\t\t\t<\/div>\n\t\t\t\t<\/div>\n\t\t\t\t<div class=\"elementor-element elementor-element-bb8623d elementor-widget elementor-widget-text-editor\" data-id=\"bb8623d\" data-element_type=\"widget\" data-e-type=\"widget\" data-widget_type=\"text-editor.default\">\n\t\t\t\t<div class=\"elementor-widget-container\">\n\t\t\t\t\t\t\t\t\t<p style=\"text-align: center;\"><strong>Deticaci\u00f3n:<br \/><\/strong>En OQtima, nos dedicamos a mejorar nuestra red de liquidez y a optimizar nuestra tecnolog\u00eda de fijaci\u00f3n de precios. Aprovechando nuestras alianzas institucionales establecidas en todo el mundo, garantizamos grandes reservas de liquidez, conexiones de baja latencia y precios altamente competitivos. Nuestra avanzada tecnolog\u00eda de enrutamiento de \u00f3rdenes garantiza la satisfacci\u00f3n del cliente. Gracias a nuestras sofisticadas redes de liquidez, ofrecemos precios a medida que mejoran la ejecuci\u00f3n de las operaciones y reducen los costes de transacci\u00f3n para nuestros clientes. Esta flexibilidad nos permite adaptarnos a todo tipo de clientes y a diversas estrategias de negociaci\u00f3n.<\/p><p style=\"text-align: center;\"><strong>El equipo:<br \/><\/strong>Una de nuestras responsabilidades es supervisar los diferenciales del sector, asegur\u00e1ndonos de que OQtima ofrece constantemente una aut\u00e9ntica ventaja comercial a nuestros clientes. A menudo vemos que otros corredores ofrecen brevemente diferenciales reducidos, s\u00f3lo para dejar que sus precios se degraden. Esto sucede porque pocos corredores disponen de la tecnolog\u00eda, las herramientas y la experiencia necesarias para gestionar eficazmente su flujo y sus relaciones con los proveedores de liquidez.<\/p><p style=\"text-align: center;\"><strong>Flujo comercial:<br \/><\/strong>No todos los flujos comerciales son de la misma calidad. Si este flujo no se gestiona de forma activa y correcta, puede dar lugar a problemas entre el corredor y los LP, lo que en \u00faltima instancia afecta negativamente al diferencial. En OQtima, nos basamos tanto en la tecnolog\u00eda como en la experiencia para gestionar la gran cantidad de operaciones que procesamos a diario. Nuestras s\u00f3lidas relaciones con los LP se basan en la confianza y la transparencia.<\/p>\t\t\t\t\t\t\t\t<\/div>\n\t\t\t\t<\/div>\n\t\t\t\t<div class=\"elementor-element elementor-element-ff61f74 elementor-widget elementor-widget-heading\" data-id=\"ff61f74\" data-element_type=\"widget\" data-e-type=\"widget\" data-widget_type=\"heading.default\">\n\t\t\t\t<div class=\"elementor-widget-container\">\n\t\t\t\t\t<h4 class=\"elementor-heading-title elementor-size-default\">Por qu\u00e9 los spreads bajos son importantes<\/h4>\t\t\t\t<\/div>\n\t\t\t\t<\/div>\n\t\t\t\t<div class=\"elementor-element elementor-element-d018432 elementor-widget elementor-widget-text-editor\" data-id=\"d018432\" data-element_type=\"widget\" data-e-type=\"widget\" data-widget_type=\"text-editor.default\">\n\t\t\t\t<div class=\"elementor-widget-container\">\n\t\t\t\t\t\t\t\t\t<p style=\"text-align: center;\"><strong>Menores costes de negociaci\u00f3n:<br \/><\/strong>Cuanto menor sea el diferencial, menos tendr\u00e1 que pagar para ejecutar una operaci\u00f3n. Esto es crucial para los operadores activos que realizan numerosas operaciones al d\u00eda, ya que unos diferenciales m\u00e1s bajos se traducen en menores costes de negociaci\u00f3n y mayores beneficios potenciales.<\/p><p style=\"text-align: center;\"><strong>Mayor facilidad para alcanzar la rentabilidad:<br \/><\/strong>Cuando los diferenciales son altos, una operaci\u00f3n tiene que moverse m\u00e1s a su favor antes de que empiece a obtener beneficios. Si los diferenciales son bajos, empezar\u00e1s m\u00e1s cerca de la rentabilidad.<\/p><p style=\"text-align: center;\"><strong>Mejores condiciones comerciales:<br \/><\/strong>Los diferenciales estrechos suelen indicar un mercado l\u00edquido y competitivo, lo que conduce a una ejecuci\u00f3n m\u00e1s fluida y a un deslizamiento potencialmente reducido.<\/p>\t\t\t\t\t\t\t\t<\/div>\n\t\t\t\t<\/div>\n\t\t\t\t<div class=\"elementor-element elementor-element-5507acf elementor-widget elementor-widget-heading\" data-id=\"5507acf\" data-element_type=\"widget\" data-e-type=\"widget\" data-widget_type=\"heading.default\">\n\t\t\t\t<div class=\"elementor-widget-container\">\n\t\t\t\t\t<h4 class=\"elementor-heading-title elementor-size-default\">\u00bfPor qu\u00e9 operar con OQtima?<\/h4>\t\t\t\t<\/div>\n\t\t\t\t<\/div>\n\t\t\t\t<div class=\"elementor-element elementor-element-695573d elementor-widget elementor-widget-text-editor\" data-id=\"695573d\" data-element_type=\"widget\" data-e-type=\"widget\" data-widget_type=\"text-editor.default\">\n\t\t\t\t<div class=\"elementor-widget-container\">\n\t\t\t\t\t\t\t\t\t<p style=\"text-align: center;\"><strong>Diferenciales competitivos:<br \/><\/strong>OQtima ofrece diferenciales muy competitivos, lo que minimiza los costes de negociaci\u00f3n y maximiza los beneficios potenciales para los operadores.<\/p><p style=\"text-align: center;\"><strong>Precios transparentes:<br \/><\/strong>OQtima est\u00e1 comprometida con la transparencia, asegurando que sepas exactamente lo que est\u00e1s pagando cuando operas. No hay comisiones ocultas ni cargos inesperados.<\/p><p style=\"text-align: center;\"><strong>Alta liquidez:<br \/><\/strong>El acceso de OQtima a m\u00faltiples proveedores de liquidez garantiza unos diferenciales ajustados, incluso en condiciones de mercado vol\u00e1tiles. Esto proporciona un entorno de negociaci\u00f3n m\u00e1s estable.<\/p><p style=\"text-align: center;\"><strong>Plataforma de negociaci\u00f3n:<br \/><\/strong>OQtima ofrece una plataforma de negociaci\u00f3n avanzada con caracter\u00edsticas robustas, mejorando su experiencia de negociaci\u00f3n y la calidad de ejecuci\u00f3n.<\/p><p style=\"text-align: center;\"><strong>Atenci\u00f3n al cliente fiable:<br \/><\/strong>Con OQtima, no s\u00f3lo obtendr\u00e1s spreads bajos, sino tambi\u00e9n un soporte excepcional. Nuestro equipo est\u00e1 dedicado a ayudarte a tener \u00e9xito en tu viaje de trading.<\/p><p style=\"text-align: center;\"><span style=\"color: #ff3300;\">Al elegir OQtima, te beneficias de spreads bajos, precios transparentes y un entorno de trading de apoyo, lo que lo convierte en una excelente opci\u00f3n para ti, tanto si eres principiante como trader profesional.<\/span><\/p>\t\t\t\t\t\t\t\t<\/div>\n\t\t\t\t<\/div>\n\t\t\t\t\t<\/div>\n\t\t<\/div>\n\t\t\t\t\t<\/div>\n\t\t<\/section>\n\t\t\t\t<\/div>","protected":false},"excerpt":{"rendered":"<p>Curious About Our Spreads? See [&hellip;]<\/p>\n","protected":false},"author":4,"featured_media":0,"parent":0,"menu_order":0,"comment_status":"closed","ping_status":"closed","template":"","meta":{"footnotes":""},"class_list":["post-1775","page","type-page","status-publish","hentry"],"_links":{"self":[{"href":"https:\/\/oqtima.news\/es\/wp-json\/wp\/v2\/pages\/1775","targetHints":{"allow":["GET"]}}],"collection":[{"href":"https:\/\/oqtima.news\/es\/wp-json\/wp\/v2\/pages"}],"about":[{"href":"https:\/\/oqtima.news\/es\/wp-json\/wp\/v2\/types\/page"}],"author":[{"embeddable":true,"href":"https:\/\/oqtima.news\/es\/wp-json\/wp\/v2\/users\/4"}],"replies":[{"embeddable":true,"href":"https:\/\/oqtima.news\/es\/wp-json\/wp\/v2\/comments?post=1775"}],"version-history":[{"count":155,"href":"https:\/\/oqtima.news\/es\/wp-json\/wp\/v2\/pages\/1775\/revisions"}],"predecessor-version":[{"id":6147,"href":"https:\/\/oqtima.news\/es\/wp-json\/wp\/v2\/pages\/1775\/revisions\/6147"}],"wp:attachment":[{"href":"https:\/\/oqtima.news\/es\/wp-json\/wp\/v2\/media?parent=1775"}],"curies":[{"name":"wp","href":"https:\/\/api.w.org\/{rel}","templated":true}]}}