{"id":4933,"date":"2025-06-20T12:38:54","date_gmt":"2025-06-20T09:38:54","guid":{"rendered":"https:\/\/oqtima.news\/?page_id=4933"},"modified":"2025-06-25T11:58:55","modified_gmt":"2025-06-25T08:58:55","slug":"copy-trading","status":"publish","type":"page","link":"https:\/\/oqtima.news\/es\/copy-trading\/","title":{"rendered":"Copy Trading"},"content":{"rendered":"<div data-elementor-type=\"wp-page\" data-elementor-id=\"4933\" class=\"elementor elementor-4933\" data-elementor-post-type=\"page\">\n\t\t\t\t\t\t<section class=\"elementor-section elementor-top-section elementor-element elementor-element-8247cf6 elementor-section-boxed elementor-section-height-default elementor-section-height-default\" data-id=\"8247cf6\" data-element_type=\"section\" data-e-type=\"section\" data-settings=\"{&quot;background_background&quot;:&quot;classic&quot;}\">\n\t\t\t\t\t\t<div class=\"elementor-container elementor-column-gap-default\">\n\t\t\t\t\t<div class=\"elementor-column elementor-col-100 elementor-top-column elementor-element elementor-element-dbabab8\" data-id=\"dbabab8\" data-element_type=\"column\" data-e-type=\"column\">\n\t\t\t<div class=\"elementor-widget-wrap elementor-element-populated\">\n\t\t\t\t\t\t<div class=\"elementor-element elementor-element-b4678a7 elementor-widget elementor-widget-heading\" data-id=\"b4678a7\" data-element_type=\"widget\" data-e-type=\"widget\" data-widget_type=\"heading.default\">\n\t\t\t\t<div class=\"elementor-widget-container\">\n\t\t\t\t\t<h2 class=\"elementor-heading-title elementor-size-default\">Copia a los mejores. O convi\u00e9rtete en uno.<\/h2>\t\t\t\t<\/div>\n\t\t\t\t<\/div>\n\t\t\t\t\t<\/div>\n\t\t<\/div>\n\t\t\t\t\t<\/div>\n\t\t<\/section>\n\t\t\t\t<section class=\"elementor-section elementor-top-section elementor-element elementor-element-9563642 elementor-section-boxed elementor-section-height-default elementor-section-height-default\" data-id=\"9563642\" data-element_type=\"section\" data-e-type=\"section\">\n\t\t\t\t\t\t<div class=\"elementor-container elementor-column-gap-default\">\n\t\t\t\t\t<div class=\"elementor-column elementor-col-100 elementor-top-column elementor-element elementor-element-d95fd5f\" data-id=\"d95fd5f\" data-element_type=\"column\" data-e-type=\"column\">\n\t\t\t<div class=\"elementor-widget-wrap elementor-element-populated\">\n\t\t\t\t\t\t<div class=\"elementor-element elementor-element-2f8f4a9 elementor-widget elementor-widget-text-editor\" data-id=\"2f8f4a9\" data-element_type=\"widget\" data-e-type=\"widget\" data-widget_type=\"text-editor.default\">\n\t\t\t\t<div class=\"elementor-widget-container\">\n\t\t\t\t\t\t\t\t\t<div><div dir=\"auto\" data-testid=\"conversation-turn-5\"><div dir=\"auto\" data-message-author-role=\"assistant\" data-message-id=\"01ea7909-56ee-43a1-a206-9789877168ea\"><p style=\"text-align: center;\" data-start=\"446\" data-end=\"597\">\u00bfY si pudieras seguir a traders con buenos resultados, o ganar cada vez que alguien copia tus movimientos?<\/p><p style=\"text-align: center;\" data-start=\"599\" data-end=\"662\">Con la nueva funci\u00f3n de <strong data-start=\"617\" data-end=\"633\">Copy Trading<\/strong> ese futuro ya es una realidad.<\/p><h3 style=\"text-align: center;\" data-start=\"669\" data-end=\"697\">\u00bfQu\u00e9 es el Copy Trading?<\/h3><p style=\"text-align: center;\" data-start=\"699\" data-end=\"924\" class=\"translation-block\">Copy Trading es una funci\u00f3n innovadora que le permite <strong data-start=\"756\" data-end=\"818\">replicar autom\u00e1ticamente las operaciones de inversores de \u00e9xito<\/strong>. Cuando ellos operan, usted tambi\u00e9n lo hace en tiempo real y en proporci\u00f3n al tama\u00f1o de su cuenta y a su configuraci\u00f3n de riesgo.<\/p><p style=\"text-align: center;\" data-start=\"926\" data-end=\"972\">Es trading hecho simple, social e inteligente.<\/p><\/div><\/div><\/div><h3 style=\"text-align: center;\" data-start=\"979\" data-end=\"1002\">Elige tu rol<\/h3>\t\t\t\t\t\t\t\t<\/div>\n\t\t\t\t<\/div>\n\t\t\t\t<div class=\"elementor-element elementor-element-9cbcda1 elementor-align-center elementor-widget elementor-widget-button\" data-id=\"9cbcda1\" data-element_type=\"widget\" data-e-type=\"widget\" data-widget_type=\"button.default\">\n\t\t\t\t<div class=\"elementor-widget-container\">\n\t\t\t\t\t\t\t\t\t<div class=\"elementor-button-wrapper\">\n\t\t\t\t\t<a class=\"elementor-button elementor-button-link elementor-size-sm\" href=\"https:\/\/oqtima.news\/wp-content\/uploads\/2025\/06\/Copy-Trading-Playbook-Provider.pdf\" target=\"_blank\">\n\t\t\t\t\t\t<span class=\"elementor-button-content-wrapper\">\n\t\t\t\t\t\t\t\t\t<span class=\"elementor-button-text\">Soy un proveedor<\/span>\n\t\t\t\t\t<\/span>\n\t\t\t\t\t<\/a>\n\t\t\t\t<\/div>\n\t\t\t\t\t\t\t\t<\/div>\n\t\t\t\t<\/div>\n\t\t\t\t<div class=\"elementor-element elementor-element-7877ab9 elementor-align-center elementor-widget elementor-widget-button\" data-id=\"7877ab9\" data-element_type=\"widget\" data-e-type=\"widget\" data-widget_type=\"button.default\">\n\t\t\t\t<div class=\"elementor-widget-container\">\n\t\t\t\t\t\t\t\t\t<div class=\"elementor-button-wrapper\">\n\t\t\t\t\t<a class=\"elementor-button elementor-button-link elementor-size-sm\" href=\"https:\/\/oqtima.news\/wp-content\/uploads\/2025\/06\/Copy-Trading-Playbook-Follower.pdf\" target=\"_blank\">\n\t\t\t\t\t\t<span class=\"elementor-button-content-wrapper\">\n\t\t\t\t\t\t\t\t\t<span class=\"elementor-button-text\"> Soy un seguidor <\/span>\n\t\t\t\t\t<\/span>\n\t\t\t\t\t<\/a>\n\t\t\t\t<\/div>\n\t\t\t\t\t\t\t\t<\/div>\n\t\t\t\t<\/div>\n\t\t\t\t\t<\/div>\n\t\t<\/div>\n\t\t\t\t\t<\/div>\n\t\t<\/section>\n\t\t\t\t<section class=\"elementor-section elementor-top-section elementor-element elementor-element-5f0104f elementor-section-boxed elementor-section-height-default elementor-section-height-default\" data-id=\"5f0104f\" data-element_type=\"section\" data-e-type=\"section\" data-settings=\"{&quot;background_background&quot;:&quot;classic&quot;}\">\n\t\t\t\t\t\t<div class=\"elementor-container elementor-column-gap-default\">\n\t\t\t\t\t<div class=\"elementor-column elementor-col-100 elementor-top-column elementor-element elementor-element-075c8b3\" data-id=\"075c8b3\" data-element_type=\"column\" data-e-type=\"column\">\n\t\t\t<div class=\"elementor-widget-wrap elementor-element-populated\">\n\t\t\t\t\t\t<div class=\"elementor-element elementor-element-da15e35 elementor-widget elementor-widget-text-editor\" data-id=\"da15e35\" data-element_type=\"widget\" data-e-type=\"widget\" data-widget_type=\"text-editor.default\">\n\t\t\t\t<div class=\"elementor-widget-container\">\n\t\t\t\t\t\t\t\t\t<div dir=\"auto\" data-testid=\"conversation-turn-5\"><div dir=\"auto\" data-message-author-role=\"assistant\" data-message-id=\"01ea7909-56ee-43a1-a206-9789877168ea\"><h4 style=\"text-align: center;\" data-start=\"1524\" data-end=\"1579\"><strong><span style=\"color: #ffffff;\">Para los proveedores de estrategias<\/span><\/strong><\/h4><h4 style=\"text-align: center;\" data-start=\"1524\" data-end=\"1579\"><span style=\"color: #ffffff;\">Que te copien. Que te paguen<\/span><\/h4><p style=\"text-align: center;\" data-start=\"1580\" data-end=\"1886\" class=\"translation-block\">Si eres un trader experto con un historial consistente, <strong data-start=\"1639\" data-end=\"1693\">\u00bfpor qu\u00e9 no convertir tu rendimiento en ingresos pasivos?<\/strong><br data-start=\"1693\" data-end=\"1696\">Como Proveedor de Estrategias, tus operaciones se comparten con una creciente comunidad de seguidores. Cada vez que alguien se suscribe para copiarte, t\u00fa <strong data-start=\"1828\" data-end=\"1848\">ganas comisiones<\/strong> sin cambiar tu forma de operar.<\/p><p style=\"text-align: center;\" data-start=\"1888\" data-end=\"1996\" class=\"translation-block\">Este es tu momento. S\u00e9 de los primeros proveedores de la plataforma y <span style=\"color: #ffffff\">construye pronto tu base de seguidores<\/span>.<\/p><\/div><\/div>\t\t\t\t\t\t\t\t<\/div>\n\t\t\t\t<\/div>\n\t\t\t\t<div class=\"elementor-element elementor-element-b32297a elementor-align-center elementor-widget elementor-widget-button\" data-id=\"b32297a\" data-element_type=\"widget\" data-e-type=\"widget\" data-widget_type=\"button.default\">\n\t\t\t\t<div class=\"elementor-widget-container\">\n\t\t\t\t\t\t\t\t\t<div class=\"elementor-button-wrapper\">\n\t\t\t\t\t<a class=\"elementor-button elementor-button-link elementor-size-sm\" href=\"https:\/\/oqtima.news\/wp-content\/uploads\/2025\/06\/Copy-Trading-Playbook-Provider.pdf\" target=\"_blank\">\n\t\t\t\t\t\t<span class=\"elementor-button-content-wrapper\">\n\t\t\t\t\t\t\t\t\t<span class=\"elementor-button-text\">Descarga el Manual del Proveedor<\/span>\n\t\t\t\t\t<\/span>\n\t\t\t\t\t<\/a>\n\t\t\t\t<\/div>\n\t\t\t\t\t\t\t\t<\/div>\n\t\t\t\t<\/div>\n\t\t\t\t\t<\/div>\n\t\t<\/div>\n\t\t\t\t\t<\/div>\n\t\t<\/section>\n\t\t\t\t<section class=\"elementor-section elementor-top-section elementor-element elementor-element-1408697 elementor-section-boxed elementor-section-height-default elementor-section-height-default\" data-id=\"1408697\" data-element_type=\"section\" data-e-type=\"section\" data-settings=\"{&quot;background_background&quot;:&quot;classic&quot;}\">\n\t\t\t\t\t\t<div class=\"elementor-container elementor-column-gap-default\">\n\t\t\t\t\t<div class=\"elementor-column elementor-col-100 elementor-top-column elementor-element elementor-element-fa7e85f\" data-id=\"fa7e85f\" data-element_type=\"column\" data-e-type=\"column\">\n\t\t\t<div class=\"elementor-widget-wrap elementor-element-populated\">\n\t\t\t\t\t\t<div class=\"elementor-element elementor-element-5eeeacc elementor-widget elementor-widget-text-editor\" data-id=\"5eeeacc\" data-element_type=\"widget\" data-e-type=\"widget\" data-widget_type=\"text-editor.default\">\n\t\t\t\t<div class=\"elementor-widget-container\">\n\t\t\t\t\t\t\t\t\t<div><div dir=\"auto\" data-testid=\"conversation-turn-5\"><div dir=\"auto\" data-message-author-role=\"assistant\" data-message-id=\"01ea7909-56ee-43a1-a206-9789877168ea\"><h3 style=\"text-align: center;\" data-start=\"406\" data-end=\"439\"><span style=\"color: #ffffff;\"><strong><span style=\"font-family: inherit; font-size: 1.5rem;\">Para seguidores:<\/span><\/strong><\/span><\/h3><h3 style=\"text-align: center;\" data-start=\"406\" data-end=\"439\"><span style=\"color: #ffffff; font-family: inherit; font-size: 1.5rem;\">Opera con inteligencia, no con esfuerzo<\/span><\/h3><\/div><\/div><\/div><p style=\"text-align: center;\" data-start=\"1054\" data-end=\"1346\" class=\"translation-block\"><br data-start=\"1117\" data-end=\"1120\">Copy Trading le permite seguir las estrategias de los mejores operadores y <strong data-start=\"1194\" data-end=\"1231\">replicar sus operaciones autom\u00e1ticamente<\/strong>. Usted mantiene el control total, ajusta los niveles de riesgo, detiene la copia en cualquier momento y supervisa sus resultados de forma transparente.<\/p><p style=\"text-align: center;\" data-start=\"1348\" data-end=\"1394\" class=\"translation-block\">\ud83c\udfaf <em data-start=\"1351\" data-end=\"1394\">Perfecto para principiantes o traders pasivos.<\/em><\/p>\t\t\t\t\t\t\t\t<\/div>\n\t\t\t\t<\/div>\n\t\t\t\t<div class=\"elementor-element elementor-element-1752ccc elementor-align-center elementor-widget elementor-widget-button\" data-id=\"1752ccc\" data-element_type=\"widget\" data-e-type=\"widget\" data-widget_type=\"button.default\">\n\t\t\t\t<div class=\"elementor-widget-container\">\n\t\t\t\t\t\t\t\t\t<div class=\"elementor-button-wrapper\">\n\t\t\t\t\t<a class=\"elementor-button elementor-button-link elementor-size-sm\" href=\"https:\/\/oqtima.news\/wp-content\/uploads\/2025\/06\/Copy-Trading-Playbook-Follower.pdf\" target=\"_blank\">\n\t\t\t\t\t\t<span class=\"elementor-button-content-wrapper\">\n\t\t\t\t\t\t\t\t\t<span class=\"elementor-button-text\">Descarga la Gu\u00eda para Seguidores<\/span>\n\t\t\t\t\t<\/span>\n\t\t\t\t\t<\/a>\n\t\t\t\t<\/div>\n\t\t\t\t\t\t\t\t<\/div>\n\t\t\t\t<\/div>\n\t\t\t\t\t<\/div>\n\t\t<\/div>\n\t\t\t\t\t<\/div>\n\t\t<\/section>\n\t\t\t\t<section class=\"elementor-section elementor-top-section elementor-element elementor-element-1b70966 elementor-section-boxed elementor-section-height-default elementor-section-height-default\" data-id=\"1b70966\" data-element_type=\"section\" data-e-type=\"section\" data-settings=\"{&quot;background_background&quot;:&quot;classic&quot;}\">\n\t\t\t\t\t\t<div class=\"elementor-container elementor-column-gap-default\">\n\t\t\t\t\t<div class=\"elementor-column elementor-col-100 elementor-top-column elementor-element elementor-element-87d2d1a\" data-id=\"87d2d1a\" data-element_type=\"column\" data-e-type=\"column\">\n\t\t\t<div class=\"elementor-widget-wrap elementor-element-populated\">\n\t\t\t\t\t\t<div class=\"elementor-element elementor-element-f77219e elementor-widget elementor-widget-text-editor\" data-id=\"f77219e\" data-element_type=\"widget\" data-e-type=\"widget\" data-widget_type=\"text-editor.default\">\n\t\t\t\t<div class=\"elementor-widget-container\">\n\t\t\t\t\t\t\t\t\t<div dir=\"auto\" data-testid=\"conversation-turn-5\"><div dir=\"auto\" data-message-author-role=\"assistant\" data-message-id=\"01ea7909-56ee-43a1-a206-9789877168ea\"><h3 style=\"text-align: center;\" data-start=\"2137\" data-end=\"2158\"><span style=\"color: #000000;\">\ud83d\udca1 \u00bfPor qu\u00e9 empezar ahora? \ud83d\udca1<\/span><\/h3><p style=\"text-align: center;\" data-start=\"2162\" data-end=\"2271\"><span style=\"text-decoration: underline; color: #000000;\"><strong data-start=\"2162\" data-end=\"2187\">Ventaja del pionero<\/strong>:<\/span><\/p><p style=\"text-align: center;\" data-start=\"2162\" data-end=\"2271\" class=\"translation-block\">Nuestra plataforma Copy Trading es totalmente nueva. Los primeros en adoptarla obtienen <strong data-start=\"2248\" data-end=\"2268\">visibilidad de primera<\/strong>.<\/p><p style=\"text-align: center;\" data-start=\"2274\" data-end=\"2378\"><span style=\"text-decoration: underline; color: #000000;\"><strong data-start=\"2274\" data-end=\"2297\">Experiencia sin interrupciones<\/strong>:<\/span><\/p><p style=\"text-align: center;\" data-start=\"2274\" data-end=\"2378\"><span style=\"color: #000000;\">Totalmente integrado en la plataforma OQtima. No necesitas herramientas ni cuentas adicionales.<\/span><\/p><p style=\"text-align: center;\" data-start=\"2381\" data-end=\"2498\"><span style=\"text-decoration: underline; color: #000000;\"><strong data-start=\"2381\" data-end=\"2402\">Transparencia total<\/strong>:<\/span><\/p><p style=\"text-align: center;\" data-start=\"2381\" data-end=\"2498\"><span style=\"color: #000000;\">Estad\u00edsticas de rendimiento, puntajes de riesgo, historial de operaciones y todo lo que tus seguidores necesitan para confiar en ti.<\/span><\/p><p style=\"text-align: center;\" data-start=\"2501\" data-end=\"2596\"><span style=\"text-decoration: underline; color: #000000;\"><strong data-start=\"2501\" data-end=\"2529\">Tu trading, tus reglas<\/strong>:<\/span><\/p><p style=\"text-align: center;\" data-start=\"2501\" data-end=\"2596\"><span style=\"color: #000000;\">Ya sea que est\u00e9s copiando o siendo copiado, siempre tienes el control.<\/span><\/p><\/div><\/div>\t\t\t\t\t\t\t\t<\/div>\n\t\t\t\t<\/div>\n\t\t\t\t\t<\/div>\n\t\t<\/div>\n\t\t\t\t\t<\/div>\n\t\t<\/section>\n\t\t\t\t<\/div>","protected":false},"excerpt":{"rendered":"<p>Copy the best. Or become [&hellip;]<\/p>\n","protected":false},"author":4,"featured_media":0,"parent":0,"menu_order":0,"comment_status":"closed","ping_status":"closed","template":"","meta":{"footnotes":""},"class_list":["post-4933","page","type-page","status-publish","hentry"],"_links":{"self":[{"href":"https:\/\/oqtima.news\/es\/wp-json\/wp\/v2\/pages\/4933","targetHints":{"allow":["GET"]}}],"collection":[{"href":"https:\/\/oqtima.news\/es\/wp-json\/wp\/v2\/pages"}],"about":[{"href":"https:\/\/oqtima.news\/es\/wp-json\/wp\/v2\/types\/page"}],"author":[{"embeddable":true,"href":"https:\/\/oqtima.news\/es\/wp-json\/wp\/v2\/users\/4"}],"replies":[{"embeddable":true,"href":"https:\/\/oqtima.news\/es\/wp-json\/wp\/v2\/comments?post=4933"}],"version-history":[{"count":60,"href":"https:\/\/oqtima.news\/es\/wp-json\/wp\/v2\/pages\/4933\/revisions"}],"predecessor-version":[{"id":5056,"href":"https:\/\/oqtima.news\/es\/wp-json\/wp\/v2\/pages\/4933\/revisions\/5056"}],"wp:attachment":[{"href":"https:\/\/oqtima.news\/es\/wp-json\/wp\/v2\/media?parent=4933"}],"curies":[{"name":"wp","href":"https:\/\/api.w.org\/{rel}","templated":true}]}}