{"id":739,"date":"2024-03-31T12:17:56","date_gmt":"2024-03-31T12:17:56","guid":{"rendered":"https:\/\/oqtima.news\/?page_id=739"},"modified":"2025-05-05T13:39:41","modified_gmt":"2025-05-05T10:39:41","slug":"oqtima-news","status":"publish","type":"page","link":"https:\/\/oqtima.news\/es\/oqtima-news\/","title":{"rendered":"Noticias de OQtima"},"content":{"rendered":"<div data-elementor-type=\"wp-page\" data-elementor-id=\"739\" class=\"elementor elementor-739\" data-elementor-post-type=\"page\">\n\t\t\t\t\t\t<section class=\"elementor-section elementor-top-section elementor-element elementor-element-8247cf6 elementor-section-boxed elementor-section-height-default elementor-section-height-default\" data-id=\"8247cf6\" data-element_type=\"section\" data-e-type=\"section\">\n\t\t\t\t\t\t<div class=\"elementor-container elementor-column-gap-default\">\n\t\t\t\t\t<div class=\"elementor-column elementor-col-100 elementor-top-column elementor-element elementor-element-dbabab8\" data-id=\"dbabab8\" data-element_type=\"column\" data-e-type=\"column\">\n\t\t\t<div class=\"elementor-widget-wrap elementor-element-populated\">\n\t\t\t\t\t\t<div class=\"elementor-element elementor-element-145140f elementor-widget elementor-widget-heading\" data-id=\"145140f\" data-element_type=\"widget\" data-e-type=\"widget\" data-widget_type=\"heading.default\">\n\t\t\t\t<div class=\"elementor-widget-container\">\n\t\t\t\t\t<h2 class=\"elementor-heading-title elementor-size-default\">Noticias de OQtima<\/h2>\t\t\t\t<\/div>\n\t\t\t\t<\/div>\n\t\t\t\t\t<\/div>\n\t\t<\/div>\n\t\t\t\t\t<\/div>\n\t\t<\/section>\n\t\t\t\t<section class=\"elementor-section elementor-top-section elementor-element elementor-element-03dba9c elementor-section-boxed elementor-section-height-default elementor-section-height-default\" data-id=\"03dba9c\" data-element_type=\"section\" data-e-type=\"section\">\n\t\t\t\t\t\t<div class=\"elementor-container elementor-column-gap-default\">\n\t\t\t\t\t<div class=\"elementor-column elementor-col-100 elementor-top-column elementor-element elementor-element-14cb39c\" data-id=\"14cb39c\" data-element_type=\"column\" data-e-type=\"column\">\n\t\t\t<div class=\"elementor-widget-wrap elementor-element-populated\">\n\t\t\t\t\t\t<div class=\"elementor-element elementor-element-abba5d7 elementor-posts--thumbnail-none elementor-grid-3 elementor-grid-tablet-2 elementor-grid-mobile-1 elementor-card-shadow-yes elementor-posts__hover-gradient elementor-widget elementor-widget-posts\" data-id=\"abba5d7\" data-element_type=\"widget\" data-e-type=\"widget\" data-settings=\"{&quot;cards_columns&quot;:&quot;3&quot;,&quot;cards_columns_tablet&quot;:&quot;2&quot;,&quot;cards_columns_mobile&quot;:&quot;1&quot;,&quot;cards_row_gap&quot;:{&quot;unit&quot;:&quot;px&quot;,&quot;size&quot;:35,&quot;sizes&quot;:[]},&quot;cards_row_gap_tablet&quot;:{&quot;unit&quot;:&quot;px&quot;,&quot;size&quot;:&quot;&quot;,&quot;sizes&quot;:[]},&quot;cards_row_gap_mobile&quot;:{&quot;unit&quot;:&quot;px&quot;,&quot;size&quot;:&quot;&quot;,&quot;sizes&quot;:[]}}\" data-widget_type=\"posts.cards\">\n\t\t\t\t<div class=\"elementor-widget-container\">\n\t\t\t\t\t\t\t<div class=\"elementor-posts-container elementor-posts elementor-posts--skin-cards elementor-grid\" role=\"list\">\n\t\t\t\t<article class=\"elementor-post elementor-grid-item post-7157 post type-post status-publish format-standard has-post-thumbnail hentry category-news tag-news tag-oqtima-news\" role=\"listitem\">\n\t\t\t<div class=\"elementor-post__card\">\n\t\t\t\t<div class=\"elementor-post__text\">\n\t\t\t\t<h3 class=\"elementor-post__title\">\n\t\t\t<a href=\"https:\/\/oqtima.news\/es\/2026\/04\/vanguard-information-technology-etf-vgt-nys-post-split-price\/\" target=\"&quot;_blank&quot;\">\n\t\t\t\tPrecio del ETF Vanguard Information Technology (VGT.NYS) despu\u00e9s del desdoblamiento\t\t\t<\/a>\n\t\t<\/h3>\n\t\t\t\t<div class=\"elementor-post__excerpt\">\n\t\t\t<p>El ETF de tecnolog\u00eda de la informaci\u00f3n Vanguard (VGT.NYS) ha anunciado un *split* de acciones de 8 por 1, con efecto el martes 21 de abril de 2026.<\/p>\n\t\t<\/div>\n\t\t\n\t\t<a class=\"elementor-post__read-more\" href=\"https:\/\/oqtima.news\/es\/2026\/04\/vanguard-information-technology-etf-vgt-nys-post-split-price\/\" aria-label=\"M\u00e1s informaci\u00f3n sobre Vanguard Information Technology ETF (VGT.NYS) Post-Split Price\" tabindex=\"-1\" target=\"_blank\">\n\t\t\tLeer m\u00e1s \u00bb\t\t<\/a>\n\n\t\t\t\t<\/div>\n\t\t\t\t<div class=\"elementor-post__meta-data\">\n\t\t\t\t\t<span class=\"elementor-post-date\">\n\t\t\t1717\/0404\/26262626\t\t<\/span>\n\t\t\t\t<\/div>\n\t\t\t\t\t<\/div>\n\t\t<\/article>\n\t\t\t\t<article class=\"elementor-post elementor-grid-item post-7156 post type-post status-publish format-standard has-post-thumbnail hentry category-news tag-news tag-oqtima-news\" role=\"listitem\">\n\t\t\t<div class=\"elementor-post__card\">\n\t\t\t\t<div class=\"elementor-post__text\">\n\t\t\t\t<h3 class=\"elementor-post__title\">\n\t\t\t<a href=\"https:\/\/oqtima.news\/es\/2026\/04\/vanguard-mid-cap-etf-vo-nys-post-split-price\/\" target=\"&quot;_blank&quot;\">\n\t\t\t\tPrecio del Vanguard Mid-Cap ETF (VO.NYS) posterior al desdoblamiento\t\t\t<\/a>\n\t\t<\/h3>\n\t\t\t\t<div class=\"elementor-post__excerpt\">\n\t\t\t<p>El Vanguard Mid-Cap ETF (VO.NYS) ha anunciado un desdoblamiento de acciones de 4 por 1, con efecto el martes 21 de abril de 2026.<\/p>\n\t\t<\/div>\n\t\t\n\t\t<a class=\"elementor-post__read-more\" href=\"https:\/\/oqtima.news\/es\/2026\/04\/vanguard-mid-cap-etf-vo-nys-post-split-price\/\" aria-label=\"M\u00e1s informaci\u00f3n sobre Vanguard Mid-Cap ETF (VO.NYS) Post-Split Price\" tabindex=\"-1\" target=\"_blank\">\n\t\t\tLeer m\u00e1s \u00bb\t\t<\/a>\n\n\t\t\t\t<\/div>\n\t\t\t\t<div class=\"elementor-post__meta-data\">\n\t\t\t\t\t<span class=\"elementor-post-date\">\n\t\t\t1717\/0404\/26262626\t\t<\/span>\n\t\t\t\t<\/div>\n\t\t\t\t\t<\/div>\n\t\t<\/article>\n\t\t\t\t<article class=\"elementor-post elementor-grid-item post-7155 post type-post status-publish format-standard has-post-thumbnail hentry category-news tag-news tag-oqtima-news\" role=\"listitem\">\n\t\t\t<div class=\"elementor-post__card\">\n\t\t\t\t<div class=\"elementor-post__text\">\n\t\t\t\t<h3 class=\"elementor-post__title\">\n\t\t\t<a href=\"https:\/\/oqtima.news\/es\/2026\/04\/vanguard-growth-etf-vug-nys-post-split-price\/\" target=\"&quot;_blank&quot;\">\n\t\t\t\tPrecio de Vanguard Growth ETF (VUG.NYS) posterior al desdoblamiento\t\t\t<\/a>\n\t\t<\/h3>\n\t\t\t\t<div class=\"elementor-post__excerpt\">\n\t\t\t<p>El Vanguard Growth ETF (VUG.NYS) ha anunciado un desdoblamiento de acciones de 6 por 1, efectivo el martes 21 de abril de 2026.<\/p>\n\t\t<\/div>\n\t\t\n\t\t<a class=\"elementor-post__read-more\" href=\"https:\/\/oqtima.news\/es\/2026\/04\/vanguard-growth-etf-vug-nys-post-split-price\/\" aria-label=\"M\u00e1s informaci\u00f3n sobre Vanguard Growth ETF (VUG.NYS) Post-Split Price\" tabindex=\"-1\" target=\"_blank\">\n\t\t\tLeer m\u00e1s \u00bb\t\t<\/a>\n\n\t\t\t\t<\/div>\n\t\t\t\t<div class=\"elementor-post__meta-data\">\n\t\t\t\t\t<span class=\"elementor-post-date\">\n\t\t\t1717\/0404\/26262626\t\t<\/span>\n\t\t\t\t<\/div>\n\t\t\t\t\t<\/div>\n\t\t<\/article>\n\t\t\t\t<article class=\"elementor-post elementor-grid-item post-7147 post type-post status-publish format-standard has-post-thumbnail hentry category-news tag-news tag-oqtima-news\" role=\"listitem\">\n\t\t\t<div class=\"elementor-post__card\">\n\t\t\t\t<div class=\"elementor-post__text\">\n\t\t\t\t<h3 class=\"elementor-post__title\">\n\t\t\t<a href=\"https:\/\/oqtima.news\/es\/2026\/04\/scheduled-system-maintenance-notice-april-18th-and-19th-2026\/\" target=\"&quot;_blank&quot;\">\n\t\t\t\tScheduled System Maintenance Notice &#8211; April 18th and 19th 2026\t\t\t<\/a>\n\t\t<\/h3>\n\t\t\t\t<div class=\"elementor-post__excerpt\">\n\t\t\t<p>System Maintenance on the 18th and 19th of April 2026. See what&#8217;s affected.<\/p>\n\t\t<\/div>\n\t\t\n\t\t<a class=\"elementor-post__read-more\" href=\"https:\/\/oqtima.news\/es\/2026\/04\/scheduled-system-maintenance-notice-april-18th-and-19th-2026\/\" aria-label=\"M\u00e1s informaci\u00f3n sobre Scheduled System Maintenance Notice &#8211; April 18th and 19th 2026\" tabindex=\"-1\" target=\"_blank\">\n\t\t\tLeer m\u00e1s \u00bb\t\t<\/a>\n\n\t\t\t\t<\/div>\n\t\t\t\t<div class=\"elementor-post__meta-data\">\n\t\t\t\t\t<span class=\"elementor-post-date\">\n\t\t\t1717\/0404\/26262626\t\t<\/span>\n\t\t\t\t<\/div>\n\t\t\t\t\t<\/div>\n\t\t<\/article>\n\t\t\t\t<article class=\"elementor-post elementor-grid-item post-7142 post type-post status-publish format-standard has-post-thumbnail hentry category-articles tag-news tag-oqtima-news\" role=\"listitem\">\n\t\t\t<div class=\"elementor-post__card\">\n\t\t\t\t<div class=\"elementor-post__text\">\n\t\t\t\t<h3 class=\"elementor-post__title\">\n\t\t\t<a href=\"https:\/\/oqtima.news\/es\/2026\/04\/weekly-market-wrap-17-04-2026\/\" target=\"&quot;_blank&quot;\">\n\t\t\t\tResumen Semanal del Mercado: El D\u00f3lar Recibe un Respiro mientras Petr\u00f3leo, Oro y Criptomonedas Siguen Bajo Observaci\u00f3n\t\t\t<\/a>\n\t\t<\/h3>\n\t\t\t\t<div class=\"elementor-post__excerpt\">\n\t\t\t<p>Para la semana que finaliz\u00f3 el viernes 17 de abril de 2026, los mercados pasaron de precios de p\u00e1nico a un optimismo cauteloso. El petr\u00f3leo volvi\u00f3 a caer por debajo de $100 ante las esperanzas de m\u00e1s conversaciones entre EE. UU. e Ir\u00e1n, el oro se mantuvo en camino a su cuarta ganancia semanal consecutiva, el d\u00f3lar se encaminaba a su segunda p\u00e9rdida semanal consecutiva y las criptomonedas ahora arrastran el sentimiento del mercado hacia el fin de semana.<\/p>\n\t\t<\/div>\n\t\t\n\t\t<a class=\"elementor-post__read-more\" href=\"https:\/\/oqtima.news\/es\/2026\/04\/weekly-market-wrap-17-04-2026\/\" aria-label=\"M\u00e1s informaci\u00f3n sobre Weekly Market Wrap: Relief Hits the Dollar as Oil, Gold and Crypto Stay on Watch\" tabindex=\"-1\" target=\"_blank\">\n\t\t\tLeer m\u00e1s \u00bb\t\t<\/a>\n\n\t\t\t\t<\/div>\n\t\t\t\t<div class=\"elementor-post__meta-data\">\n\t\t\t\t\t<span class=\"elementor-post-date\">\n\t\t\t1717\/0404\/26262626\t\t<\/span>\n\t\t\t\t<\/div>\n\t\t\t\t\t<\/div>\n\t\t<\/article>\n\t\t\t\t<article class=\"elementor-post elementor-grid-item post-7111 post type-post status-publish format-standard has-post-thumbnail hentry category-news tag-news tag-oqtima-news\" role=\"listitem\">\n\t\t\t<div class=\"elementor-post__card\">\n\t\t\t\t<div class=\"elementor-post__text\">\n\t\t\t\t<h3 class=\"elementor-post__title\">\n\t\t\t<a href=\"https:\/\/oqtima.news\/es\/2026\/04\/scheduled-system-maintenance-notice-april-11th-and-12th-2026\/\" target=\"&quot;_blank&quot;\">\n\t\t\t\tAviso de Mantenimiento Programado del Sistema \u2013 11 y 12 de abril de 2026\t\t\t<\/a>\n\t\t<\/h3>\n\t\t\t\t<div class=\"elementor-post__excerpt\">\n\t\t\t<p>Mantenimiento del sistema los d\u00edas 11 y 12 de abril de 2026. Vea qu\u00e9 se ve afectado.<\/p>\n\t\t<\/div>\n\t\t\n\t\t<a class=\"elementor-post__read-more\" href=\"https:\/\/oqtima.news\/es\/2026\/04\/scheduled-system-maintenance-notice-april-11th-and-12th-2026\/\" aria-label=\"M\u00e1s informaci\u00f3n sobre Scheduled System Maintenance Notice &#8211; April 11th and 12th 2026\" tabindex=\"-1\" target=\"_blank\">\n\t\t\tLeer m\u00e1s \u00bb\t\t<\/a>\n\n\t\t\t\t<\/div>\n\t\t\t\t<div class=\"elementor-post__meta-data\">\n\t\t\t\t\t<span class=\"elementor-post-date\">\n\t\t\t1010\/0404\/26262626\t\t<\/span>\n\t\t\t\t<\/div>\n\t\t\t\t\t<\/div>\n\t\t<\/article>\n\t\t\t\t<\/div>\n\t\t\n\t\t\t\t\t\t<\/div>\n\t\t\t\t<\/div>\n\t\t\t\t<div class=\"elementor-element elementor-element-f61533c elementor-posts--thumbnail-none elementor-grid-3 elementor-grid-tablet-2 elementor-grid-mobile-1 elementor-card-shadow-yes elementor-posts__hover-gradient elementor-widget elementor-widget-posts\" data-id=\"f61533c\" data-element_type=\"widget\" data-e-type=\"widget\" data-settings=\"{&quot;cards_columns&quot;:&quot;3&quot;,&quot;cards_columns_tablet&quot;:&quot;2&quot;,&quot;cards_columns_mobile&quot;:&quot;1&quot;,&quot;cards_row_gap&quot;:{&quot;unit&quot;:&quot;px&quot;,&quot;size&quot;:35,&quot;sizes&quot;:[]},&quot;cards_row_gap_tablet&quot;:{&quot;unit&quot;:&quot;px&quot;,&quot;size&quot;:&quot;&quot;,&quot;sizes&quot;:[]},&quot;cards_row_gap_mobile&quot;:{&quot;unit&quot;:&quot;px&quot;,&quot;size&quot;:&quot;&quot;,&quot;sizes&quot;:[]}}\" data-no-translation=\"\" data-widget_type=\"posts.cards\">\n\t\t\t\t<div class=\"elementor-widget-container\">\n\t\t\t\t\t<style>.elementor-element-f61533c{display:none !important}<\/style>\t\t\t\t<\/div>\n\t\t\t\t<\/div>\n\t\t\t\t\t<\/div>\n\t\t<\/div>\n\t\t\t\t\t<\/div>\n\t\t<\/section>\n\t\t\t\t<\/div>","protected":false},"excerpt":{"rendered":"<p>Noticias de OQtima<\/p>","protected":false},"author":3,"featured_media":0,"parent":0,"menu_order":0,"comment_status":"closed","ping_status":"closed","template":"","meta":{"footnotes":""},"class_list":["post-739","page","type-page","status-publish","hentry"],"_links":{"self":[{"href":"https:\/\/oqtima.news\/es\/wp-json\/wp\/v2\/pages\/739","targetHints":{"allow":["GET"]}}],"collection":[{"href":"https:\/\/oqtima.news\/es\/wp-json\/wp\/v2\/pages"}],"about":[{"href":"https:\/\/oqtima.news\/es\/wp-json\/wp\/v2\/types\/page"}],"author":[{"embeddable":true,"href":"https:\/\/oqtima.news\/es\/wp-json\/wp\/v2\/users\/3"}],"replies":[{"embeddable":true,"href":"https:\/\/oqtima.news\/es\/wp-json\/wp\/v2\/comments?post=739"}],"version-history":[{"count":25,"href":"https:\/\/oqtima.news\/es\/wp-json\/wp\/v2\/pages\/739\/revisions"}],"predecessor-version":[{"id":4729,"href":"https:\/\/oqtima.news\/es\/wp-json\/wp\/v2\/pages\/739\/revisions\/4729"}],"wp:attachment":[{"href":"https:\/\/oqtima.news\/es\/wp-json\/wp\/v2\/media?parent=739"}],"curies":[{"name":"wp","href":"https:\/\/api.w.org\/{rel}","templated":true}]}}